{"id":27524,"date":"2020-02-18T20:17:02","date_gmt":"2020-02-18T23:17:02","guid":{"rendered":"https:\/\/psol.org.br\/?page_id=27524"},"modified":"2021-05-09T15:19:20","modified_gmt":"2021-05-09T18:19:20","slug":"noticias","status":"publish","type":"page","link":"https:\/\/psol50.com.br\/congresso2021\/noticias\/","title":{"rendered":"NOT\u00cdCIAS"},"content":{"rendered":"<div class=\"fusion-fullwidth fullwidth-box fusion-builder-row-1 nonhundred-percent-fullwidth non-hundred-percent-height-scrolling\" style=\"background-color: rgba(255,255,255,0);background-position: center center;background-repeat: no-repeat;padding-top:0px;padding-right:0px;padding-bottom:0px;padding-left:0px;margin-bottom: 0px;margin-top: 0px;border-width: 0px 0px 0px 0px;border-color:#eae9e9;border-style:solid;\" ><div class=\"fusion-builder-row fusion-row\"><div class=\"fusion-layout-column fusion_builder_column fusion-builder-column-0 fusion_builder_column_1_1 1_1 fusion-one-full fusion-column-first fusion-column-last\" style=\"margin-top:0px;margin-bottom:0px;\"><div class=\"fusion-column-wrapper fusion-flex-column-wrapper-legacy\" style=\"background-position:left top;background-repeat:no-repeat;-webkit-background-size:cover;-moz-background-size:cover;-o-background-size:cover;background-size:cover;padding: 0px 0px 0px 0px;\"><div class=\"fusion-recent-posts fusion-recent-posts-1 avada-container layout-default layout-columns-3 fusion-recent-posts-center\"><section class=\"fusion-columns columns fusion-columns-3 columns-3\"><article class=\"post fusion-column column col col-lg-4 col-md-4 col-sm-4\"><div class=\"fusion-flexslider fusion-flexslider-loading flexslider flexslider-hover-type-none\"><ul class=\"slides\"><li><a href=\"https:\/\/psol50.com.br\/congresso2021\/2021\/09\/22\/resolucao-da-executiva-nacional\/\" aria-label=\"Resolu\u00e7\u00e3o Executiva Nacional: prazos de resolu\u00e7\u00f5es e credenciamento\" class=\"hover-type-none\"><img width=\"700\" height=\"441\" src=\"https:\/\/psol50.com.br\/congresso2021\/wp-content\/uploads\/2021\/05\/7CONPSOL_Circular-700x441.jpg\" class=\"attachment-recent-posts size-recent-posts lazyload\" alt=\"\" loading=\"lazy\" srcset=\"data:image\/svg+xml,%3Csvg%20xmlns%3D%27http%3A%2F%2Fwww.w3.org%2F2000%2Fsvg%27%20width%3D%27957%27%20height%3D%27621%27%20viewBox%3D%270%200%20957%20621%27%3E%3Crect%20width%3D%27957%27%20height%3D%273621%27%20fill-opacity%3D%220%22%2F%3E%3C%2Fsvg%3E\" data-orig-src=\"https:\/\/psol50.com.br\/congresso2021\/wp-content\/uploads\/2021\/05\/7CONPSOL_Circular-700x441.jpg\" data-srcset=\"https:\/\/psol50.com.br\/congresso2021\/wp-content\/uploads\/2021\/05\/7CONPSOL_Circular-320x202.jpg 320w, https:\/\/psol50.com.br\/congresso2021\/wp-content\/uploads\/2021\/05\/7CONPSOL_Circular-700x441.jpg 700w\" data-sizes=\"auto\" \/><\/a><\/li><\/ul><\/div><div class=\"recent-posts-content\"><span class=\"vcard\" style=\"display: none;\"><span class=\"fn\"><a href=\"https:\/\/psol50.com.br\/congresso2021\/author\/admincongresso\/\" title=\"Posts de admincongresso\" rel=\"author\">admincongresso<\/a><\/span><\/span><span class=\"updated\" style=\"display:none;\">2021-09-23T17:50:08-03:00<\/span><h4 class=\"entry-title\"><a href=\"https:\/\/psol50.com.br\/congresso2021\/2021\/09\/22\/resolucao-da-executiva-nacional\/\">Resolu\u00e7\u00e3o Executiva Nacional: prazos de resolu\u00e7\u00f5es e credenciamento<\/a><\/h4><\/div><\/article><article class=\"post fusion-column column col col-lg-4 col-md-4 col-sm-4\"><div class=\"fusion-flexslider fusion-flexslider-loading flexslider flexslider-hover-type-none\"><ul class=\"slides\"><li><a href=\"https:\/\/psol50.com.br\/congresso2021\/2021\/07\/15\/resolucao-sobre-7-congresso-do-psol\/\" aria-label=\"RESOLU\u00c7\u00c3O SOBRE 7\u00b0 CONGRESSO DO PSOL\" class=\"hover-type-none\"><img width=\"700\" height=\"441\" src=\"https:\/\/psol50.com.br\/congresso2021\/wp-content\/uploads\/2021\/05\/7CONPSOL_Circular-700x441.jpg\" class=\"attachment-recent-posts size-recent-posts lazyload\" alt=\"\" loading=\"lazy\" srcset=\"data:image\/svg+xml,%3Csvg%20xmlns%3D%27http%3A%2F%2Fwww.w3.org%2F2000%2Fsvg%27%20width%3D%27957%27%20height%3D%27621%27%20viewBox%3D%270%200%20957%20621%27%3E%3Crect%20width%3D%27957%27%20height%3D%273621%27%20fill-opacity%3D%220%22%2F%3E%3C%2Fsvg%3E\" data-orig-src=\"https:\/\/psol50.com.br\/congresso2021\/wp-content\/uploads\/2021\/05\/7CONPSOL_Circular-700x441.jpg\" data-srcset=\"https:\/\/psol50.com.br\/congresso2021\/wp-content\/uploads\/2021\/05\/7CONPSOL_Circular-320x202.jpg 320w, https:\/\/psol50.com.br\/congresso2021\/wp-content\/uploads\/2021\/05\/7CONPSOL_Circular-700x441.jpg 700w\" data-sizes=\"auto\" \/><\/a><\/li><\/ul><\/div><div class=\"recent-posts-content\"><span class=\"vcard\" style=\"display: none;\"><span class=\"fn\"><a href=\"https:\/\/psol50.com.br\/congresso2021\/author\/admincongresso\/\" title=\"Posts de admincongresso\" rel=\"author\">admincongresso<\/a><\/span><\/span><span class=\"updated\" style=\"display:none;\">2021-07-15T11:22:14-03:00<\/span><h4 class=\"entry-title\"><a href=\"https:\/\/psol50.com.br\/congresso2021\/2021\/07\/15\/resolucao-sobre-7-congresso-do-psol\/\">RESOLU\u00c7\u00c3O SOBRE 7\u00b0 CONGRESSO DO PSOL<\/a><\/h4><\/div><\/article><article class=\"post fusion-column column col col-lg-4 col-md-4 col-sm-4\"><div class=\"fusion-flexslider fusion-flexslider-loading flexslider flexslider-hover-type-none\"><ul class=\"slides\"><li><a href=\"https:\/\/psol50.com.br\/congresso2021\/2021\/03\/13\/partido-socialismo-e-liberdade-convocatoria-do-7-congresso-nacional-do-psol\/\" aria-label=\"Convocat\u00f3ria do 7\u00b0 Congresso Nacional do PSOL 2021\" class=\"hover-type-none\"><img width=\"700\" height=\"441\" src=\"https:\/\/psol50.com.br\/congresso2021\/wp-content\/uploads\/2021\/05\/7CONPSOL_Circular-700x441.jpg\" class=\"attachment-recent-posts size-recent-posts lazyload\" alt=\"\" loading=\"lazy\" srcset=\"data:image\/svg+xml,%3Csvg%20xmlns%3D%27http%3A%2F%2Fwww.w3.org%2F2000%2Fsvg%27%20width%3D%27957%27%20height%3D%27621%27%20viewBox%3D%270%200%20957%20621%27%3E%3Crect%20width%3D%27957%27%20height%3D%273621%27%20fill-opacity%3D%220%22%2F%3E%3C%2Fsvg%3E\" data-orig-src=\"https:\/\/psol50.com.br\/congresso2021\/wp-content\/uploads\/2021\/05\/7CONPSOL_Circular-700x441.jpg\" data-srcset=\"https:\/\/psol50.com.br\/congresso2021\/wp-content\/uploads\/2021\/05\/7CONPSOL_Circular-320x202.jpg 320w, https:\/\/psol50.com.br\/congresso2021\/wp-content\/uploads\/2021\/05\/7CONPSOL_Circular-700x441.jpg 700w\" data-sizes=\"auto\" \/><\/a><\/li><\/ul><\/div><div class=\"recent-posts-content\"><span class=\"vcard\" style=\"display: none;\"><span class=\"fn\"><a href=\"https:\/\/psol50.com.br\/congresso2021\/author\/admincongresso\/\" title=\"Posts de admincongresso\" rel=\"author\">admincongresso<\/a><\/span><\/span><span class=\"updated\" style=\"display:none;\">2021-05-20T10:46:38-03:00<\/span><h4 class=\"entry-title\"><a href=\"https:\/\/psol50.com.br\/congresso2021\/2021\/03\/13\/partido-socialismo-e-liberdade-convocatoria-do-7-congresso-nacional-do-psol\/\">Convocat\u00f3ria do 7\u00b0 Congresso Nacional do PSOL 2021<\/a><\/h4><\/div><\/article><\/section><\/div><div class=\"fusion-clearfix\"><\/div><\/div><\/div><\/div><\/div>\n","protected":false},"excerpt":{"rendered":"","protected":false},"author":1,"featured_media":0,"parent":0,"menu_order":0,"comment_status":"closed","ping_status":"closed","template":"","meta":[],"yoast_head":"<!-- This site is optimized with the Yoast SEO plugin v18.4.1 - https:\/\/yoast.com\/wordpress\/plugins\/seo\/ -->\n<title>NOT\u00cdCIAS - 7\u00ba Congresso Nacional do PSOL<\/title>\n<meta name=\"robots\" content=\"index, follow, max-snippet:-1, max-image-preview:large, max-video-preview:-1\" \/>\n<link rel=\"canonical\" href=\"https:\/\/psol50.com.br\/congresso2021\/noticias\/\" \/>\n<meta property=\"og:locale\" content=\"pt_BR\" \/>\n<meta property=\"og:type\" content=\"article\" \/>\n<meta property=\"og:title\" content=\"NOT\u00cdCIAS - 7\u00ba Congresso Nacional do PSOL\" \/>\n<meta property=\"og:url\" content=\"https:\/\/psol50.com.br\/congresso2021\/noticias\/\" \/>\n<meta property=\"og:site_name\" content=\"7\u00ba Congresso Nacional do PSOL\" \/>\n<meta property=\"article:publisher\" content=\"https:\/\/www.facebook.com\/psol50\" \/>\n<meta property=\"article:modified_time\" content=\"2021-05-09T18:19:20+00:00\" \/>\n<meta property=\"og:image\" content=\"https:\/\/psol50.com.br\/congresso2021\/wp-content\/uploads\/2021\/05\/Thumbs_7CONPSOL.jpg\" \/>\n\t<meta property=\"og:image:width\" content=\"794\" \/>\n\t<meta property=\"og:image:height\" content=\"503\" \/>\n\t<meta property=\"og:image:type\" content=\"image\/jpeg\" \/>\n<meta name=\"twitter:card\" content=\"summary_large_image\" \/>\n<meta name=\"twitter:site\" content=\"@psol50\" \/>\n<meta name=\"twitter:label1\" content=\"Est. tempo de leitura\" \/>\n\t<meta name=\"twitter:data1\" content=\"1 minuto\" \/>\n<script type=\"application\/ld+json\" class=\"yoast-schema-graph\">{\"@context\":\"https:\/\/schema.org\",\"@graph\":[{\"@type\":\"Organization\",\"@id\":\"https:\/\/psol50.com.br\/congresso2021\/#organization\",\"name\":\"7\u00ba Congresso Nacional do PSOL\",\"url\":\"https:\/\/psol50.com.br\/congresso2021\/\",\"sameAs\":[\"https:\/\/www.facebook.com\/psol50\",\"https:\/\/www.instagram.com\/psol50\/\",\"https:\/\/www.youtube.com\/channel\/UC7SnJS5o1os7a6CaiNabzcg\",\"https:\/\/twitter.com\/psol50\"],\"logo\":{\"@type\":\"ImageObject\",\"@id\":\"https:\/\/psol50.com.br\/congresso2021\/#logo\",\"inLanguage\":\"pt-BR\",\"url\":\"https:\/\/psol50.com.br\/congresso2021\/wp-content\/uploads\/2021\/05\/Thumbs_7CONPSOL.jpg\",\"contentUrl\":\"https:\/\/psol50.com.br\/congresso2021\/wp-content\/uploads\/2021\/05\/Thumbs_7CONPSOL.jpg\",\"width\":794,\"height\":503,\"caption\":\"7\u00ba Congresso Nacional do PSOL\"},\"image\":{\"@id\":\"https:\/\/psol50.com.br\/congresso2021\/#logo\"}},{\"@type\":\"WebSite\",\"@id\":\"https:\/\/psol50.com.br\/congresso2021\/#website\",\"url\":\"https:\/\/psol50.com.br\/congresso2021\/\",\"name\":\"7\u00ba Congresso Nacional do PSOL\",\"description\":\"Partido Socialismo e Liberdade\",\"publisher\":{\"@id\":\"https:\/\/psol50.com.br\/congresso2021\/#organization\"},\"potentialAction\":[{\"@type\":\"SearchAction\",\"target\":{\"@type\":\"EntryPoint\",\"urlTemplate\":\"https:\/\/psol50.com.br\/congresso2021\/?s={search_term_string}\"},\"query-input\":\"required name=search_term_string\"}],\"inLanguage\":\"pt-BR\"},{\"@type\":\"WebPage\",\"@id\":\"https:\/\/psol50.com.br\/congresso2021\/noticias\/#webpage\",\"url\":\"https:\/\/psol50.com.br\/congresso2021\/noticias\/\",\"name\":\"NOT\u00cdCIAS - 7\u00ba Congresso Nacional do PSOL\",\"isPartOf\":{\"@id\":\"https:\/\/psol50.com.br\/congresso2021\/#website\"},\"datePublished\":\"2020-02-18T23:17:02+00:00\",\"dateModified\":\"2021-05-09T18:19:20+00:00\",\"breadcrumb\":{\"@id\":\"https:\/\/psol50.com.br\/congresso2021\/noticias\/#breadcrumb\"},\"inLanguage\":\"pt-BR\",\"potentialAction\":[{\"@type\":\"ReadAction\",\"target\":[\"https:\/\/psol50.com.br\/congresso2021\/noticias\/\"]}]},{\"@type\":\"BreadcrumbList\",\"@id\":\"https:\/\/psol50.com.br\/congresso2021\/noticias\/#breadcrumb\",\"itemListElement\":[{\"@type\":\"ListItem\",\"position\":1,\"name\":\"In\u00edcio\",\"item\":\"https:\/\/psol50.com.br\/congresso2021\/\"},{\"@type\":\"ListItem\",\"position\":2,\"name\":\"NOT\u00cdCIAS\"}]}]}<\/script>\n<!-- \/ Yoast SEO plugin. -->","yoast_head_json":{"title":"NOT\u00cdCIAS - 7\u00ba Congresso Nacional do PSOL","robots":{"index":"index","follow":"follow","max-snippet":"max-snippet:-1","max-image-preview":"max-image-preview:large","max-video-preview":"max-video-preview:-1"},"canonical":"https:\/\/psol50.com.br\/congresso2021\/noticias\/","og_locale":"pt_BR","og_type":"article","og_title":"NOT\u00cdCIAS - 7\u00ba Congresso Nacional do PSOL","og_url":"https:\/\/psol50.com.br\/congresso2021\/noticias\/","og_site_name":"7\u00ba Congresso Nacional do PSOL","article_publisher":"https:\/\/www.facebook.com\/psol50","article_modified_time":"2021-05-09T18:19:20+00:00","og_image":[{"width":794,"height":503,"url":"https:\/\/psol50.com.br\/congresso2021\/wp-content\/uploads\/2021\/05\/Thumbs_7CONPSOL.jpg","type":"image\/jpeg"}],"twitter_card":"summary_large_image","twitter_site":"@psol50","twitter_misc":{"Est. tempo de leitura":"1 minuto"},"schema":{"@context":"https:\/\/schema.org","@graph":[{"@type":"Organization","@id":"https:\/\/psol50.com.br\/congresso2021\/#organization","name":"7\u00ba Congresso Nacional do PSOL","url":"https:\/\/psol50.com.br\/congresso2021\/","sameAs":["https:\/\/www.facebook.com\/psol50","https:\/\/www.instagram.com\/psol50\/","https:\/\/www.youtube.com\/channel\/UC7SnJS5o1os7a6CaiNabzcg","https:\/\/twitter.com\/psol50"],"logo":{"@type":"ImageObject","@id":"https:\/\/psol50.com.br\/congresso2021\/#logo","inLanguage":"pt-BR","url":"https:\/\/psol50.com.br\/congresso2021\/wp-content\/uploads\/2021\/05\/Thumbs_7CONPSOL.jpg","contentUrl":"https:\/\/psol50.com.br\/congresso2021\/wp-content\/uploads\/2021\/05\/Thumbs_7CONPSOL.jpg","width":794,"height":503,"caption":"7\u00ba Congresso Nacional do PSOL"},"image":{"@id":"https:\/\/psol50.com.br\/congresso2021\/#logo"}},{"@type":"WebSite","@id":"https:\/\/psol50.com.br\/congresso2021\/#website","url":"https:\/\/psol50.com.br\/congresso2021\/","name":"7\u00ba Congresso Nacional do PSOL","description":"Partido Socialismo e Liberdade","publisher":{"@id":"https:\/\/psol50.com.br\/congresso2021\/#organization"},"potentialAction":[{"@type":"SearchAction","target":{"@type":"EntryPoint","urlTemplate":"https:\/\/psol50.com.br\/congresso2021\/?s={search_term_string}"},"query-input":"required name=search_term_string"}],"inLanguage":"pt-BR"},{"@type":"WebPage","@id":"https:\/\/psol50.com.br\/congresso2021\/noticias\/#webpage","url":"https:\/\/psol50.com.br\/congresso2021\/noticias\/","name":"NOT\u00cdCIAS - 7\u00ba Congresso Nacional do PSOL","isPartOf":{"@id":"https:\/\/psol50.com.br\/congresso2021\/#website"},"datePublished":"2020-02-18T23:17:02+00:00","dateModified":"2021-05-09T18:19:20+00:00","breadcrumb":{"@id":"https:\/\/psol50.com.br\/congresso2021\/noticias\/#breadcrumb"},"inLanguage":"pt-BR","potentialAction":[{"@type":"ReadAction","target":["https:\/\/psol50.com.br\/congresso2021\/noticias\/"]}]},{"@type":"BreadcrumbList","@id":"https:\/\/psol50.com.br\/congresso2021\/noticias\/#breadcrumb","itemListElement":[{"@type":"ListItem","position":1,"name":"In\u00edcio","item":"https:\/\/psol50.com.br\/congresso2021\/"},{"@type":"ListItem","position":2,"name":"NOT\u00cdCIAS"}]}]}},"_links":{"self":[{"href":"https:\/\/psol50.com.br\/congresso2021\/wp-json\/wp\/v2\/pages\/27524"}],"collection":[{"href":"https:\/\/psol50.com.br\/congresso2021\/wp-json\/wp\/v2\/pages"}],"about":[{"href":"https:\/\/psol50.com.br\/congresso2021\/wp-json\/wp\/v2\/types\/page"}],"author":[{"embeddable":true,"href":"https:\/\/psol50.com.br\/congresso2021\/wp-json\/wp\/v2\/users\/1"}],"replies":[{"embeddable":true,"href":"https:\/\/psol50.com.br\/congresso2021\/wp-json\/wp\/v2\/comments?post=27524"}],"version-history":[{"count":2,"href":"https:\/\/psol50.com.br\/congresso2021\/wp-json\/wp\/v2\/pages\/27524\/revisions"}],"predecessor-version":[{"id":28063,"href":"https:\/\/psol50.com.br\/congresso2021\/wp-json\/wp\/v2\/pages\/27524\/revisions\/28063"}],"wp:attachment":[{"href":"https:\/\/psol50.com.br\/congresso2021\/wp-json\/wp\/v2\/media?parent=27524"}],"curies":[{"name":"wp","href":"https:\/\/api.w.org\/{rel}","templated":true}]}}