{"id":28125,"date":"2021-05-15T13:50:11","date_gmt":"2021-05-15T16:50:11","guid":{"rendered":"https:\/\/psol50.com.br\/congresso2021\/?page_id=28125"},"modified":"2021-05-19T23:43:52","modified_gmt":"2021-05-20T02:43:52","slug":"recursos","status":"publish","type":"page","link":"https:\/\/psol50.com.br\/congresso2021\/recursos\/","title":{"rendered":"Recursos"},"content":{"rendered":"<p><div class=\"fusion-fullwidth fullwidth-box fusion-builder-row-1 fusion-flex-container nonhundred-percent-fullwidth non-hundred-percent-height-scrolling\" style=\"background-color: rgba(255,255,255,0);background-position: center center;background-repeat: no-repeat;border-width: 0px 0px 0px 0px;border-color:#eae9e9;border-style:solid;\" ><div class=\"fusion-builder-row fusion-row fusion-flex-align-items-flex-start\" style=\"max-width:1185.6px;margin-left: calc(-4% \/ 2 );margin-right: calc(-4% \/ 2 );\"><div class=\"fusion-layout-column fusion_builder_column fusion-builder-column-0 fusion_builder_column_1_1 1_1 fusion-flex-column\"><div class=\"fusion-column-wrapper fusion-flex-justify-content-flex-start fusion-content-layout-column\" style=\"background-position:left top;background-repeat:no-repeat;-webkit-background-size:cover;-moz-background-size:cover;-o-background-size:cover;background-size:cover;padding: 0px 0px 0px 0px;\"><div style=\"text-align:center;\"><span class=\" fusion-imageframe imageframe-none imageframe-1 hover-type-none\" style=\"width:100%;max-width:100px;\"><img width=\"156\" image_height=\"153\" image_id=\"28158\" title=\"Icon_plen@2x\" src=\"data:image\/svg+xml,%3Csvg%20xmlns%3D%27http%3A%2F%2Fwww.w3.org%2F2000%2Fsvg%27%20width%3D%27156%27%20height%3D%27153%27%20viewBox%3D%270%200%20156%20153%27%3E%3Crect%20width%3D%27156%27%20height%3D%273153%27%20fill-opacity%3D%220%22%2F%3E%3C%2Fsvg%3E\" data-orig-src=\"https:\/\/psol50.com.br\/congresso2021\/file\/2021\/05\/Icon_plen@2x.png\" class=\"lazyload img-responsive wp-image-28158\"\/><\/span><\/div><style type=\"text\/css\">@media only screen and (max-width:1024px) {.fusion-title.fusion-title-1{margin-top:40px!important;margin-bottom:31px!important;}}<\/style><div class=\"fusion-title title fusion-title-1 fusion-sep-none fusion-title-text fusion-title-size-one\" style=\"font-size:24px;margin-top:40px;margin-bottom:31px;\"><h1 class=\"title-heading-left\" style=\"margin:0;font-size:1em;line-height:32px;color:#6d6d6d;\"><div style=\"text-align: center;\"><span style=\"font-family: Roboto; font-size: 1em; letter-spacing: var(--h1_typography-letter-spacing); font-weight: 300;\" data-fusion-font=\"true\" data-fusion-google-font=\"Roboto\" data-fusion-google-variant=\"300\">Para apresentar recursos \u00e0 Comiss\u00e3o Organizadora Nacional utilize o formul\u00e1rio abaixo<\/span><\/div>\n<div style=\"text-align: center;\"><span style=\"font-family: Roboto; font-size: 20px; letter-spacing: var(--h1_typography-letter-spacing); line-height: 26px; font-weight: 300;\" data-fusion-font=\"true\" data-fusion-google-font=\"Roboto\" data-fusion-google-variant=\"300\">(leia com aten\u00e7\u00e3o as instru\u00e7\u00f5es de cada campo)<\/span><\/div><\/h1><\/div><\/div><\/div><style type=\"text\/css\">.fusion-body .fusion-builder-column-0{width:100% !important;margin-top : 0px;margin-bottom : 0px;}.fusion-builder-column-0 > .fusion-column-wrapper {padding-top : 0px !important;padding-right : 0px !important;margin-right : 1.92%;padding-bottom : 0px !important;padding-left : 0px !important;margin-left : 1.92%;}@media only screen and (max-width:1024px) {.fusion-body .fusion-builder-column-0{width:100% !important;order : 0;}.fusion-builder-column-0 > .fusion-column-wrapper {margin-right : 1.92%;margin-left : 1.92%;}}@media only screen and (max-width:640px) {.fusion-body .fusion-builder-column-0{width:100% !important;order : 0;}.fusion-builder-column-0 > .fusion-column-wrapper {margin-right : 1.92%;margin-left : 1.92%;}}<\/style><\/div><style type=\"text\/css\">.fusion-body .fusion-flex-container.fusion-builder-row-1{ padding-top : 43px;margin-top : 0px;padding-right : 0px;padding-bottom : 0px;margin-bottom : 0px;padding-left : 0px;}<\/style><\/div><div class=\"fusion-fullwidth fullwidth-box fusion-builder-row-2 hundred-percent-fullwidth non-hundred-percent-height-scrolling fusion-no-small-visibility fusion-no-medium-visibility\" style=\"background-color: rgba(255,255,255,0);background-position: center center;background-repeat: no-repeat;padding-top:30px;padding-right:0px;padding-bottom:0px;padding-left:0px;margin-bottom: 0px;margin-top: 0px;border-width: 0px 0px 0px 0px;border-color:#eae9e9;border-style:solid;\" ><div class=\"fusion-builder-row fusion-row\"><div class=\"fusion-layout-column fusion_builder_column fusion-builder-column-1 fusion_builder_column_1_1 1_1 fusion-one-full fusion-column-first fusion-column-last\" style=\"margin-top:0px;margin-bottom:0px;\"><div class=\"fusion-column-wrapper fusion-flex-column-wrapper-legacy\" style=\"background-position:left top;background-repeat:no-repeat;-webkit-background-size:cover;-moz-background-size:cover;-o-background-size:cover;background-size:cover;padding: 0px 0px 0px 0px;\"><div class=\"fusion-text fusion-text-1\" style=\"text-align:center;\"><p><iframe loading=\"lazy\" src=\"https:\/\/psol50.com.br\/divulga_lista\/form_recursos21\/\" width=\"100%\" height=\"1950\"><\/iframe><\/p>\n<\/div><div class=\"fusion-clearfix\"><\/div><\/div><\/div><\/div><\/div><div class=\"fusion-fullwidth fullwidth-box fusion-builder-row-3 hundred-percent-fullwidth non-hundred-percent-height-scrolling fusion-no-large-visibility\" style=\"background-color: rgba(255,255,255,0);background-position: center center;background-repeat: no-repeat;padding-top:30px;padding-right:0px;padding-bottom:0px;padding-left:0px;margin-bottom: 0px;margin-top: 0px;border-width: 0px 0px 0px 0px;border-color:#eae9e9;border-style:solid;\" ><div class=\"fusion-builder-row fusion-row\"><div class=\"fusion-layout-column fusion_builder_column fusion-builder-column-2 fusion_builder_column_1_1 1_1 fusion-one-full fusion-column-first fusion-column-last\" style=\"margin-top:0px;margin-bottom:0px;\"><div class=\"fusion-column-wrapper fusion-flex-column-wrapper-legacy\" style=\"background-position:left top;background-repeat:no-repeat;-webkit-background-size:cover;-moz-background-size:cover;-o-background-size:cover;background-size:cover;padding: 0px 0px 0px 0px;\"><div class=\"fusion-text fusion-text-2\"><p><iframe loading=\"lazy\" src=\"https:\/\/psol50.com.br\/divulga_lista\/form_recursos21\/\" width=\"100%\" height=\"1100\"><\/iframe><\/h3>\n<\/div><div class=\"fusion-clearfix\"><\/div><\/div><\/div><\/div><\/div><\/p>\n","protected":false},"excerpt":{"rendered":"","protected":false},"author":1,"featured_media":0,"parent":0,"menu_order":0,"comment_status":"closed","ping_status":"closed","template":"100-width.php","meta":[],"yoast_head":"<!-- This site is optimized with the Yoast SEO plugin v18.4.1 - https:\/\/yoast.com\/wordpress\/plugins\/seo\/ -->\n<title>Recursos - 7\u00ba Congresso Nacional do PSOL<\/title>\n<meta name=\"robots\" content=\"index, follow, max-snippet:-1, max-image-preview:large, max-video-preview:-1\" \/>\n<link rel=\"canonical\" href=\"https:\/\/psol50.com.br\/congresso2021\/recursos\/\" \/>\n<meta property=\"og:locale\" content=\"pt_BR\" \/>\n<meta property=\"og:type\" content=\"article\" \/>\n<meta property=\"og:title\" content=\"Recursos - 7\u00ba Congresso Nacional do PSOL\" \/>\n<meta property=\"og:url\" content=\"https:\/\/psol50.com.br\/congresso2021\/recursos\/\" \/>\n<meta property=\"og:site_name\" content=\"7\u00ba Congresso Nacional do PSOL\" \/>\n<meta property=\"article:publisher\" content=\"https:\/\/www.facebook.com\/psol50\" \/>\n<meta property=\"article:modified_time\" content=\"2021-05-20T02:43:52+00:00\" \/>\n<meta property=\"og:image\" content=\"https:\/\/psol50.com.br\/congresso2021\/wp-content\/uploads\/2021\/05\/Thumbs_7CONPSOL.jpg\" \/>\n\t<meta property=\"og:image:width\" content=\"794\" \/>\n\t<meta property=\"og:image:height\" content=\"503\" \/>\n\t<meta property=\"og:image:type\" content=\"image\/jpeg\" \/>\n<meta name=\"twitter:card\" content=\"summary_large_image\" \/>\n<meta name=\"twitter:site\" content=\"@psol50\" \/>\n<meta name=\"twitter:label1\" content=\"Est. tempo de leitura\" \/>\n\t<meta name=\"twitter:data1\" content=\"5 minutos\" \/>\n<script type=\"application\/ld+json\" class=\"yoast-schema-graph\">{\"@context\":\"https:\/\/schema.org\",\"@graph\":[{\"@type\":\"Organization\",\"@id\":\"https:\/\/psol50.com.br\/congresso2021\/#organization\",\"name\":\"7\u00ba Congresso Nacional do PSOL\",\"url\":\"https:\/\/psol50.com.br\/congresso2021\/\",\"sameAs\":[\"https:\/\/www.facebook.com\/psol50\",\"https:\/\/www.instagram.com\/psol50\/\",\"https:\/\/www.youtube.com\/channel\/UC7SnJS5o1os7a6CaiNabzcg\",\"https:\/\/twitter.com\/psol50\"],\"logo\":{\"@type\":\"ImageObject\",\"@id\":\"https:\/\/psol50.com.br\/congresso2021\/#logo\",\"inLanguage\":\"pt-BR\",\"url\":\"https:\/\/psol50.com.br\/congresso2021\/wp-content\/uploads\/2021\/05\/Thumbs_7CONPSOL.jpg\",\"contentUrl\":\"https:\/\/psol50.com.br\/congresso2021\/wp-content\/uploads\/2021\/05\/Thumbs_7CONPSOL.jpg\",\"width\":794,\"height\":503,\"caption\":\"7\u00ba Congresso Nacional do PSOL\"},\"image\":{\"@id\":\"https:\/\/psol50.com.br\/congresso2021\/#logo\"}},{\"@type\":\"WebSite\",\"@id\":\"https:\/\/psol50.com.br\/congresso2021\/#website\",\"url\":\"https:\/\/psol50.com.br\/congresso2021\/\",\"name\":\"7\u00ba Congresso Nacional do PSOL\",\"description\":\"Partido Socialismo e Liberdade\",\"publisher\":{\"@id\":\"https:\/\/psol50.com.br\/congresso2021\/#organization\"},\"potentialAction\":[{\"@type\":\"SearchAction\",\"target\":{\"@type\":\"EntryPoint\",\"urlTemplate\":\"https:\/\/psol50.com.br\/congresso2021\/?s={search_term_string}\"},\"query-input\":\"required name=search_term_string\"}],\"inLanguage\":\"pt-BR\"},{\"@type\":\"WebPage\",\"@id\":\"https:\/\/psol50.com.br\/congresso2021\/recursos\/#webpage\",\"url\":\"https:\/\/psol50.com.br\/congresso2021\/recursos\/\",\"name\":\"Recursos - 7\u00ba Congresso Nacional do PSOL\",\"isPartOf\":{\"@id\":\"https:\/\/psol50.com.br\/congresso2021\/#website\"},\"datePublished\":\"2021-05-15T16:50:11+00:00\",\"dateModified\":\"2021-05-20T02:43:52+00:00\",\"breadcrumb\":{\"@id\":\"https:\/\/psol50.com.br\/congresso2021\/recursos\/#breadcrumb\"},\"inLanguage\":\"pt-BR\",\"potentialAction\":[{\"@type\":\"ReadAction\",\"target\":[\"https:\/\/psol50.com.br\/congresso2021\/recursos\/\"]}]},{\"@type\":\"BreadcrumbList\",\"@id\":\"https:\/\/psol50.com.br\/congresso2021\/recursos\/#breadcrumb\",\"itemListElement\":[{\"@type\":\"ListItem\",\"position\":1,\"name\":\"In\u00edcio\",\"item\":\"https:\/\/psol50.com.br\/congresso2021\/\"},{\"@type\":\"ListItem\",\"position\":2,\"name\":\"Recursos\"}]}]}<\/script>\n<!-- \/ Yoast SEO plugin. -->","yoast_head_json":{"title":"Recursos - 7\u00ba Congresso Nacional do PSOL","robots":{"index":"index","follow":"follow","max-snippet":"max-snippet:-1","max-image-preview":"max-image-preview:large","max-video-preview":"max-video-preview:-1"},"canonical":"https:\/\/psol50.com.br\/congresso2021\/recursos\/","og_locale":"pt_BR","og_type":"article","og_title":"Recursos - 7\u00ba Congresso Nacional do PSOL","og_url":"https:\/\/psol50.com.br\/congresso2021\/recursos\/","og_site_name":"7\u00ba Congresso Nacional do PSOL","article_publisher":"https:\/\/www.facebook.com\/psol50","article_modified_time":"2021-05-20T02:43:52+00:00","og_image":[{"width":794,"height":503,"url":"https:\/\/psol50.com.br\/congresso2021\/wp-content\/uploads\/2021\/05\/Thumbs_7CONPSOL.jpg","type":"image\/jpeg"}],"twitter_card":"summary_large_image","twitter_site":"@psol50","twitter_misc":{"Est. tempo de leitura":"5 minutos"},"schema":{"@context":"https:\/\/schema.org","@graph":[{"@type":"Organization","@id":"https:\/\/psol50.com.br\/congresso2021\/#organization","name":"7\u00ba Congresso Nacional do PSOL","url":"https:\/\/psol50.com.br\/congresso2021\/","sameAs":["https:\/\/www.facebook.com\/psol50","https:\/\/www.instagram.com\/psol50\/","https:\/\/www.youtube.com\/channel\/UC7SnJS5o1os7a6CaiNabzcg","https:\/\/twitter.com\/psol50"],"logo":{"@type":"ImageObject","@id":"https:\/\/psol50.com.br\/congresso2021\/#logo","inLanguage":"pt-BR","url":"https:\/\/psol50.com.br\/congresso2021\/wp-content\/uploads\/2021\/05\/Thumbs_7CONPSOL.jpg","contentUrl":"https:\/\/psol50.com.br\/congresso2021\/wp-content\/uploads\/2021\/05\/Thumbs_7CONPSOL.jpg","width":794,"height":503,"caption":"7\u00ba Congresso Nacional do PSOL"},"image":{"@id":"https:\/\/psol50.com.br\/congresso2021\/#logo"}},{"@type":"WebSite","@id":"https:\/\/psol50.com.br\/congresso2021\/#website","url":"https:\/\/psol50.com.br\/congresso2021\/","name":"7\u00ba Congresso Nacional do PSOL","description":"Partido Socialismo e Liberdade","publisher":{"@id":"https:\/\/psol50.com.br\/congresso2021\/#organization"},"potentialAction":[{"@type":"SearchAction","target":{"@type":"EntryPoint","urlTemplate":"https:\/\/psol50.com.br\/congresso2021\/?s={search_term_string}"},"query-input":"required name=search_term_string"}],"inLanguage":"pt-BR"},{"@type":"WebPage","@id":"https:\/\/psol50.com.br\/congresso2021\/recursos\/#webpage","url":"https:\/\/psol50.com.br\/congresso2021\/recursos\/","name":"Recursos - 7\u00ba Congresso Nacional do PSOL","isPartOf":{"@id":"https:\/\/psol50.com.br\/congresso2021\/#website"},"datePublished":"2021-05-15T16:50:11+00:00","dateModified":"2021-05-20T02:43:52+00:00","breadcrumb":{"@id":"https:\/\/psol50.com.br\/congresso2021\/recursos\/#breadcrumb"},"inLanguage":"pt-BR","potentialAction":[{"@type":"ReadAction","target":["https:\/\/psol50.com.br\/congresso2021\/recursos\/"]}]},{"@type":"BreadcrumbList","@id":"https:\/\/psol50.com.br\/congresso2021\/recursos\/#breadcrumb","itemListElement":[{"@type":"ListItem","position":1,"name":"In\u00edcio","item":"https:\/\/psol50.com.br\/congresso2021\/"},{"@type":"ListItem","position":2,"name":"Recursos"}]}]}},"_links":{"self":[{"href":"https:\/\/psol50.com.br\/congresso2021\/wp-json\/wp\/v2\/pages\/28125"}],"collection":[{"href":"https:\/\/psol50.com.br\/congresso2021\/wp-json\/wp\/v2\/pages"}],"about":[{"href":"https:\/\/psol50.com.br\/congresso2021\/wp-json\/wp\/v2\/types\/page"}],"author":[{"embeddable":true,"href":"https:\/\/psol50.com.br\/congresso2021\/wp-json\/wp\/v2\/users\/1"}],"replies":[{"embeddable":true,"href":"https:\/\/psol50.com.br\/congresso2021\/wp-json\/wp\/v2\/comments?post=28125"}],"version-history":[{"count":17,"href":"https:\/\/psol50.com.br\/congresso2021\/wp-json\/wp\/v2\/pages\/28125\/revisions"}],"predecessor-version":[{"id":28381,"href":"https:\/\/psol50.com.br\/congresso2021\/wp-json\/wp\/v2\/pages\/28125\/revisions\/28381"}],"wp:attachment":[{"href":"https:\/\/psol50.com.br\/congresso2021\/wp-json\/wp\/v2\/media?parent=28125"}],"curies":[{"name":"wp","href":"https:\/\/api.w.org\/{rel}","templated":true}]}}