{"id":28098,"date":"2023-05-18T13:59:08","date_gmt":"2023-05-18T16:59:08","guid":{"rendered":"https:\/\/psol50.com.br\/congresso2021\/?page_id=28098"},"modified":"2023-05-18T13:59:08","modified_gmt":"2023-05-18T16:59:08","slug":"politica-de-privacidade","status":"publish","type":"page","link":"https:\/\/psol50.com.br\/congresso2023\/politica-de-privacidade\/","title":{"rendered":"Pol\u00edtica de privacidade"},"content":{"rendered":"<div class=\"fusion-fullwidth fullwidth-box fusion-builder-row-1 nonhundred-percent-fullwidth non-hundred-percent-height-scrolling\" style=\"background-color: rgba(255,255,255,0);background-position: center center;background-repeat: no-repeat;padding-top:0px;padding-right:0px;padding-bottom:0px;padding-left:0px;margin-bottom: 0px;margin-top: 0px;border-width: 0px 0px 0px 0px;border-color:#eae9e9;border-style:solid;\" ><div class=\"fusion-builder-row fusion-row\"><div class=\"fusion-layout-column fusion_builder_column fusion-builder-column-0 fusion_builder_column_1_1 1_1 fusion-one-full fusion-column-first fusion-column-last\" style=\"margin-top:0px;margin-bottom:0px;\"><div class=\"fusion-column-wrapper fusion-flex-column-wrapper-legacy\" style=\"background-position:left top;background-repeat:no-repeat;-webkit-background-size:cover;-moz-background-size:cover;-o-background-size:cover;background-size:cover;padding: 0px 0px 0px 0px;\"><div class=\"fusion-text fusion-text-1\" style=\"transform:translate3d(0,0,0);\"><h2 class=\"fusion-responsive-typography-calculated\" style=\"text-align: center; --fontsize: 40; line-height: 1.2;\" data-fontsize=\"40\" data-lineheight=\"48px\"><span style=\"background-color: rgba(255, 255, 255, 0); color: var(--body_typography-color); font-family: var(--body_typography-font-family); font-size: 25px; font-style: var(--body_typography-font-style,normal); letter-spacing: var(--body_typography-letter-spacing);\" data-fusion-font=\"true\">Termo de Pol\u00edtica de privacidade<\/span><\/h2>\n<p>Em conformidade com a A Lei Geral de Prote\u00e7\u00e3o de Dados Pessoais (LGPD) 13.709\/2018, promulgada em 2020 em territ\u00f3rio brasileiro, o Regulamento Geral sobre a Prote\u00e7\u00e3o de Dados (RGPD) (UE) 2016\/679, em respeito a Conven\u00e7\u00e3o Americana de Direitos Humanos \u2013 Pacto de S\u00e3o Jos\u00e9 da Costa Rica de 22\/11\/1969 e a Constitui\u00e7\u00e3o Brasileira (Carta Magna), declaramos estar adequados a tais dispositivo legais, respeitando portanto, as leis nacionais e internacionais que ora regulamentam a atividade de coleta e tratamento de dados, bem como em respeito aos direitos inalien\u00e1veis da pessoa humana.<\/p>\n<p><b>Sobre seguran\u00e7a dos dados:<\/b>\u00a0Este site \u00e9 mantido pelo PSOL \u2013 Partido Socialismo e Liberdade , cujo endere\u00e7o https:\/\/psol50.org.br \u00e9 um ambiente seguro, encriptado (certifica\u00e7\u00e3o SSL). Dessa forma, medidas foram tomadas para proteger amea\u00e7as relacionadas ao vazamento de dados. Al\u00e9m disso, tomamos uma s\u00e9rie de outras a\u00e7\u00f5es tecnol\u00f3gicas que dizem respeito ao monitoramento constante de quaisquer que sejam as tentativas de acesso aos bancos de dados e codifica\u00e7\u00f5es v\u00e1rias, s\u00e3o ferramentas que buscam e destroem especialmente\u00a0<i>malwares, spans e phishings<\/i>\u00a0imediatamente \u00e0 tentativa de interfer\u00eancia nas \u00e1reas privadas. Tamb\u00e9m est\u00e1 contratado servi\u00e7o de varredura de v\u00edrus que \u00e9 executado com frequ\u00eancia nas pastas e arquivos. Ferramenta de \u201ccerca\u201d (fences) est\u00e1 instalada e impede que IPs suspeitos entrem nos formul\u00e1rios e\/ou entradas de dados do site. Os dispositivos\u00a0<i>Capctha e Recaptcha (Google)<\/i>\u00a0barram os\u00a0<i>robots<\/i>\u00a0<i>\u201cforce access<\/i>\u201c. Todavia e mesmo com as medidas mencionadas, sabe-se que os meios de tecnologia s\u00e3o din\u00e2micos e est\u00e3o sempre em constante mudan\u00e7a das t\u00e1ticas associadas a \u201c<i>cyberatacks<\/i>\u201c, para tanto, \u00e9 salutar admitir que, ainda que remotas, as possibilidades de vazamento possam acontecer em detrimento de nossos esfor\u00e7os e vontade. O que \u00e9 imperativo o usu\u00e1rio saber, \u00e9 que trata-se de uma pol\u00edtica levada a s\u00e9rio pela equipe de tecnologia da informa\u00e7\u00e3o do PSOL \u2013 Partido Socialismo e Liberdade e que nos leva a considerar ser este um ambiente virtual bastante seguro.<\/p>\n<p><b>Quais dados pessoais coletamos e porque?\u00a0<\/b>Quando os visitantes deixam coment\u00e1rios no site, coletamos os dados mostrados no formul\u00e1rio de coment\u00e1rios, al\u00e9m do endere\u00e7o de IP e de dados do navegador do visitante, para auxiliar na detec\u00e7\u00e3o de\u00a0<i>spans<\/i>. Uma sequ\u00eancia anonimizada de caracteres criada a partir do seu e-mail (tamb\u00e9m chamada de hash) poder\u00e1 ser enviada para o Gravatar para verificar se voc\u00ea usa o servi\u00e7o. A pol\u00edtica de privacidade do Gravatar est\u00e1 dispon\u00edvel aqui: https:\/\/automattic.com\/privacy\/. Depois da aprova\u00e7\u00e3o do seu coment\u00e1rio, a foto do seu perfil fica vis\u00edvel publicamente junto de seu coment\u00e1rio.<\/p>\n<p><b>Dos Formul\u00e1rios e Cookies<\/b>\u00a0\u2013 Ao deixar um coment\u00e1rio no site, voc\u00ea poder\u00e1 optar por salvar seu nome, e-mail e outros dados nos\u00a0<i>cookies.<\/i>\u00a0Isso visa seu conforto, assim voc\u00ea n\u00e3o precisar\u00e1 preencher seus dados novamente quando fizer outro coment\u00e1rio. Estes cookies duram 30 dias, depois expiram. Se voc\u00ea tem uma conta e acessa este site, um\u00a0<i>cookie<\/i>\u00a0tempor\u00e1rio ser\u00e1 criado para determinar se seu navegador aceita\u00a0<i>cookies<\/i>. Ele n\u00e3o cont\u00e9m nenhum dado pessoal e ser\u00e1 descartado quando voc\u00ea fechar seu navegador. Quando voc\u00ea acessa sua conta no site, tamb\u00e9m criamos v\u00e1rios cookies para salvar os dados da sua conta e suas escolhas de exibi\u00e7\u00e3o de tela.\u00a0<i>Cookies\u00a0<\/i>de<i>\u00a0login\u00a0<\/i>s\u00e3o mantidos por dois dias e\u00a0<i>cookies\u00a0<\/i>de op\u00e7\u00f5es de tela por 30 dias. Se voc\u00ea selecionar \u201cLembrar-me\u201d, seu acesso ser\u00e1 mantido por duas semanas. Se voc\u00ea se desconectar da sua conta, os\u00a0<i>cookies\u00a0<\/i>de\u00a0<i>login<\/i>\u00a0ser\u00e3o removidos.<\/p>\n<p><b>ESTA PLATAFORMA N\u00c3O COMPARTILHA DADOS PESSOAIS DE SEUS USU\u00c1RIOS<\/b>\u00a0\u2013 Os dados coletados em formul\u00e1rios s\u00e3o de uso exclusivo da equipe do site e\u00a0<u>N\u00c3O s\u00e3o cedidos, doados, vendidos ou qualquer forma de compartilhamento externo<\/u>,\u00a0<u>com qualquer outra institui\u00e7\u00e3o, empresa ou grupo<\/u>. N\u00e3o existem liga\u00e7\u00f5es externa de acesso aos dados de forma nenhuma, somente dentro das \u00e1reas administrativas da plataforma. As senhas de acesso \u00e0s bases s\u00e3o fornecidas somente para um n\u00famero reduzido de pessoas em n\u00edvel de coordena\u00e7\u00e3o e ger\u00eancia. Os dados s\u00e3o mantidos em nossos bancos indefinitivamente e poder\u00e3o ser usados para contatos posteriores do pr\u00f3prio site. No entanto, tais dados s\u00f3 ser\u00e3o utilizados pela pr\u00f3pria equipe da plataforma. Para usu\u00e1rios que se registrem como \u201cassinante\u201d (quando houver) no nosso site, tamb\u00e9m guardamos as informa\u00e7\u00f5es pessoais fornecidas no perfil de usu\u00e1rio. No caso de usu\u00e1rios com l<i>ogin<\/i>: os mesmos poder\u00e3o ver, editar ou excluir suas informa\u00e7\u00f5es pessoais a qualquer momento (s\u00f3 n\u00e3o \u00e9 poss\u00edvel alterar o seu username). Os administradores de sites tamb\u00e9m podem ver e editar estas informa\u00e7\u00f5es. Se voc\u00ea deixar um coment\u00e1rio, o coment\u00e1rio e os seus metadados s\u00e3o conservados indefinidamente. Fazemos isso para que seja poss\u00edvel reconhecer e aprovar automaticamente qualquer coment\u00e1rio posterior ao inv\u00e9s de ret\u00ea-lo para modera\u00e7\u00e3o.<\/p>\n<p><b>Das M\u00eddia incorporada de outros sites<\/b>\u00a0\u2013 artigos neste site podem incluir conte\u00fado incorporado como, por exemplo, v\u00eddeos, imagens, artigos, etc. Conte\u00fados incorporados de outros sites se comportam exatamente da mesma forma como se o visitante estivesse visitando o outro site. Estes sites podem coletar dados sobre voc\u00ea, usar cookies, incorporar rastreamento adicional de terceiros e monitorar sua intera\u00e7\u00e3o com este conte\u00fado incorporado, incluindo sua intera\u00e7\u00e3o com o conte\u00fado incorporado se voc\u00ea tem uma conta e est\u00e1 conectado com o site.<\/p>\n<p><b>Dos Dados falsos:\u00a0<\/b>O fornecimento de dados n\u00e3o verdadeiros por parte dos usu\u00e1rios ou a inser\u00e7\u00e3o de dados de outrem, fazendo com que o usu\u00e1rio se passe por outra pessoa, pode acarretar em investiga\u00e7\u00e3o criminal movida pela equipe da plataforma e essa se valer\u00e1 dos dados das\u00a0<i>metafiles<\/i>\u00a0tais como IP, data, hora e localidade para o fornecimento \u00e0s autoridades de investiga\u00e7\u00e3o de crimes virtuais cruzarem com as informa\u00e7\u00f5es dos servidores e antenas de telefonia m\u00f3vel. Neste caso a plataforma se isenta de responsabilidade sobre o ocorrido, sagrando-se ela tamb\u00e9m como parte lesada no processo.<\/p>\n<p><b>Do Consentimento<\/b>\u00a0\u2013 O consentimento em rela\u00e7\u00e3o o fornecimento de dados protegido por esta\u00a0<u>Pol\u00edtica de Privacidade<\/u>, poder\u00e1 acontecer em dois momentos: 1) \u00e0 partir de caixa de sele\u00e7\u00e3o (checkbox) em cada um dos formul\u00e1rios presentes na plataforma; 2) \u00e0 partir de checkbox em \u201cbarra din\u00e2mica\u201d que surgir\u00e1 sempre que houver entrega de cookies no rodap\u00e9 das p\u00e1ginas. No referido mecanismo descrito, haver\u00e3o as modalidades existentes para coleta e entrega de informa\u00e7\u00f5es. O Consentimento funcionar\u00e1 como prova do aceite do presente \u201cTermo de Pol\u00edtica de Privacidade\u201d, conter\u00e1 a identifica\u00e7\u00e3o IP da m\u00e1quina do usu\u00e1rio (ou do roteador de rede), hor\u00e1rio e data de servidor e dados pessoais preenchidos. A prova de que se refere poder\u00e1 ser cruzada com dados de operadoras de telefonia celular e fixa, provedores de internet e hospedagem, entre outros agentes que a justi\u00e7a considerar cr\u00edvel.\u00a0<b>Pelo exposto, ao clicar na caixa \u201cEstou ciente e de acordo\u201d o usu\u00e1rio passa a concordar com estes termos de Pol\u00edtica de privacidade.<\/b><\/p>\n<p>Por fim a equipe da plataforma compromete-se a usar os dados fornecidos para o prop\u00f3sito de sua capta\u00e7\u00e3o apontada nos formul\u00e1rios e nestes termos que, a rigor, da comunica\u00e7\u00e3o do partido. Novamente,\u00a0<u>N\u00c3O compartilhando<\/u>\u00a0tais dados com nenhum outro grupo externo e de fora da campanha.<\/p>\n<\/div><div class=\"fusion-clearfix\"><\/div><\/div><\/div><\/div><\/div>\n","protected":false},"excerpt":{"rendered":"","protected":false},"author":5,"featured_media":0,"parent":0,"menu_order":0,"comment_status":"closed","ping_status":"closed","template":"","meta":[],"yoast_head":"<!-- This site is optimized with the Yoast SEO plugin v20.11 - https:\/\/yoast.com\/wordpress\/plugins\/seo\/ -->\n<title>Pol\u00edtica de privacidade - 8\u00ba Congresso Nacional do PSOL<\/title>\n<meta name=\"robots\" content=\"index, follow, max-snippet:-1, max-image-preview:large, max-video-preview:-1\" \/>\n<link rel=\"canonical\" href=\"https:\/\/psol50.com.br\/congresso2023\/politica-de-privacidade\/\" \/>\n<meta property=\"og:locale\" content=\"pt_BR\" \/>\n<meta property=\"og:type\" content=\"article\" \/>\n<meta property=\"og:title\" content=\"Pol\u00edtica de privacidade - 8\u00ba Congresso Nacional do PSOL\" \/>\n<meta property=\"og:url\" content=\"https:\/\/psol50.com.br\/congresso2023\/politica-de-privacidade\/\" \/>\n<meta property=\"og:site_name\" content=\"8\u00ba Congresso Nacional do PSOL\" \/>\n<meta property=\"article:publisher\" content=\"https:\/\/www.facebook.com\/psol50\" \/>\n<meta property=\"og:image\" content=\"https:\/\/psol50.com.br\/congresso2023\/wp-content\/uploads\/2020\/02\/capa-546x365-1.png\" \/>\n\t<meta property=\"og:image:width\" content=\"546\" \/>\n\t<meta property=\"og:image:height\" content=\"365\" \/>\n\t<meta property=\"og:image:type\" content=\"image\/png\" \/>\n<meta name=\"twitter:card\" content=\"summary_large_image\" \/>\n<meta name=\"twitter:site\" content=\"@psol50\" \/>\n<meta name=\"twitter:label1\" content=\"Est. tempo de leitura\" \/>\n\t<meta name=\"twitter:data1\" content=\"6 minutos\" \/>\n<script type=\"application\/ld+json\" class=\"yoast-schema-graph\">{\"@context\":\"https:\/\/schema.org\",\"@graph\":[{\"@type\":\"WebPage\",\"@id\":\"https:\/\/psol50.com.br\/congresso2023\/politica-de-privacidade\/\",\"url\":\"https:\/\/psol50.com.br\/congresso2023\/politica-de-privacidade\/\",\"name\":\"Pol\u00edtica de privacidade - 8\u00ba Congresso Nacional do PSOL\",\"isPartOf\":{\"@id\":\"https:\/\/psol50.com.br\/congresso2023\/#website\"},\"datePublished\":\"2023-05-18T16:59:08+00:00\",\"dateModified\":\"2023-05-18T16:59:08+00:00\",\"breadcrumb\":{\"@id\":\"https:\/\/psol50.com.br\/congresso2023\/politica-de-privacidade\/#breadcrumb\"},\"inLanguage\":\"pt-BR\",\"potentialAction\":[{\"@type\":\"ReadAction\",\"target\":[\"https:\/\/psol50.com.br\/congresso2023\/politica-de-privacidade\/\"]}]},{\"@type\":\"BreadcrumbList\",\"@id\":\"https:\/\/psol50.com.br\/congresso2023\/politica-de-privacidade\/#breadcrumb\",\"itemListElement\":[{\"@type\":\"ListItem\",\"position\":1,\"name\":\"In\u00edcio\",\"item\":\"https:\/\/psol50.com.br\/congresso2023\/\"},{\"@type\":\"ListItem\",\"position\":2,\"name\":\"Pol\u00edtica de privacidade\"}]},{\"@type\":\"WebSite\",\"@id\":\"https:\/\/psol50.com.br\/congresso2023\/#website\",\"url\":\"https:\/\/psol50.com.br\/congresso2023\/\",\"name\":\"8\u00ba Congresso Nacional do PSOL\",\"description\":\"Partido Socialismo e Liberdade\",\"publisher\":{\"@id\":\"https:\/\/psol50.com.br\/congresso2023\/#organization\"},\"alternateName\":\"8congressoPSOL\",\"potentialAction\":[{\"@type\":\"SearchAction\",\"target\":{\"@type\":\"EntryPoint\",\"urlTemplate\":\"https:\/\/psol50.com.br\/congresso2023\/?s={search_term_string}\"},\"query-input\":\"required name=search_term_string\"}],\"inLanguage\":\"pt-BR\"},{\"@type\":\"Organization\",\"@id\":\"https:\/\/psol50.com.br\/congresso2023\/#organization\",\"name\":\"8\u00ba Congresso Nacional do PSOL\",\"alternateName\":\"8congressoPSOL\",\"url\":\"https:\/\/psol50.com.br\/congresso2023\/\",\"logo\":{\"@type\":\"ImageObject\",\"inLanguage\":\"pt-BR\",\"@id\":\"https:\/\/psol50.com.br\/congresso2023\/#\/schema\/logo\/image\/\",\"url\":\"https:\/\/psol50.com.br\/congresso2023\/wp-content\/uploads\/2020\/02\/capa-546x365-1.png\",\"contentUrl\":\"https:\/\/psol50.com.br\/congresso2023\/wp-content\/uploads\/2020\/02\/capa-546x365-1.png\",\"width\":546,\"height\":365,\"caption\":\"8\u00ba Congresso Nacional do PSOL\"},\"image\":{\"@id\":\"https:\/\/psol50.com.br\/congresso2023\/#\/schema\/logo\/image\/\"},\"sameAs\":[\"https:\/\/www.facebook.com\/psol50\",\"https:\/\/twitter.com\/psol50\",\"https:\/\/www.instagram.com\/psol50\/\",\"https:\/\/www.youtube.com\/channel\/UC7SnJS5o1os7a6CaiNabzcg\"]}]}<\/script>\n<!-- \/ Yoast SEO plugin. -->","yoast_head_json":{"title":"Pol\u00edtica de privacidade - 8\u00ba Congresso Nacional do PSOL","robots":{"index":"index","follow":"follow","max-snippet":"max-snippet:-1","max-image-preview":"max-image-preview:large","max-video-preview":"max-video-preview:-1"},"canonical":"https:\/\/psol50.com.br\/congresso2023\/politica-de-privacidade\/","og_locale":"pt_BR","og_type":"article","og_title":"Pol\u00edtica de privacidade - 8\u00ba Congresso Nacional do PSOL","og_url":"https:\/\/psol50.com.br\/congresso2023\/politica-de-privacidade\/","og_site_name":"8\u00ba Congresso Nacional do PSOL","article_publisher":"https:\/\/www.facebook.com\/psol50","og_image":[{"width":546,"height":365,"url":"https:\/\/psol50.com.br\/congresso2023\/wp-content\/uploads\/2020\/02\/capa-546x365-1.png","type":"image\/png"}],"twitter_card":"summary_large_image","twitter_site":"@psol50","twitter_misc":{"Est. tempo de leitura":"6 minutos"},"schema":{"@context":"https:\/\/schema.org","@graph":[{"@type":"WebPage","@id":"https:\/\/psol50.com.br\/congresso2023\/politica-de-privacidade\/","url":"https:\/\/psol50.com.br\/congresso2023\/politica-de-privacidade\/","name":"Pol\u00edtica de privacidade - 8\u00ba Congresso Nacional do PSOL","isPartOf":{"@id":"https:\/\/psol50.com.br\/congresso2023\/#website"},"datePublished":"2023-05-18T16:59:08+00:00","dateModified":"2023-05-18T16:59:08+00:00","breadcrumb":{"@id":"https:\/\/psol50.com.br\/congresso2023\/politica-de-privacidade\/#breadcrumb"},"inLanguage":"pt-BR","potentialAction":[{"@type":"ReadAction","target":["https:\/\/psol50.com.br\/congresso2023\/politica-de-privacidade\/"]}]},{"@type":"BreadcrumbList","@id":"https:\/\/psol50.com.br\/congresso2023\/politica-de-privacidade\/#breadcrumb","itemListElement":[{"@type":"ListItem","position":1,"name":"In\u00edcio","item":"https:\/\/psol50.com.br\/congresso2023\/"},{"@type":"ListItem","position":2,"name":"Pol\u00edtica de privacidade"}]},{"@type":"WebSite","@id":"https:\/\/psol50.com.br\/congresso2023\/#website","url":"https:\/\/psol50.com.br\/congresso2023\/","name":"8\u00ba Congresso Nacional do PSOL","description":"Partido Socialismo e Liberdade","publisher":{"@id":"https:\/\/psol50.com.br\/congresso2023\/#organization"},"alternateName":"8congressoPSOL","potentialAction":[{"@type":"SearchAction","target":{"@type":"EntryPoint","urlTemplate":"https:\/\/psol50.com.br\/congresso2023\/?s={search_term_string}"},"query-input":"required name=search_term_string"}],"inLanguage":"pt-BR"},{"@type":"Organization","@id":"https:\/\/psol50.com.br\/congresso2023\/#organization","name":"8\u00ba Congresso Nacional do PSOL","alternateName":"8congressoPSOL","url":"https:\/\/psol50.com.br\/congresso2023\/","logo":{"@type":"ImageObject","inLanguage":"pt-BR","@id":"https:\/\/psol50.com.br\/congresso2023\/#\/schema\/logo\/image\/","url":"https:\/\/psol50.com.br\/congresso2023\/wp-content\/uploads\/2020\/02\/capa-546x365-1.png","contentUrl":"https:\/\/psol50.com.br\/congresso2023\/wp-content\/uploads\/2020\/02\/capa-546x365-1.png","width":546,"height":365,"caption":"8\u00ba Congresso Nacional do PSOL"},"image":{"@id":"https:\/\/psol50.com.br\/congresso2023\/#\/schema\/logo\/image\/"},"sameAs":["https:\/\/www.facebook.com\/psol50","https:\/\/twitter.com\/psol50","https:\/\/www.instagram.com\/psol50\/","https:\/\/www.youtube.com\/channel\/UC7SnJS5o1os7a6CaiNabzcg"]}]}},"_links":{"self":[{"href":"https:\/\/psol50.com.br\/congresso2023\/wp-json\/wp\/v2\/pages\/28098"}],"collection":[{"href":"https:\/\/psol50.com.br\/congresso2023\/wp-json\/wp\/v2\/pages"}],"about":[{"href":"https:\/\/psol50.com.br\/congresso2023\/wp-json\/wp\/v2\/types\/page"}],"author":[{"embeddable":true,"href":"https:\/\/psol50.com.br\/congresso2023\/wp-json\/wp\/v2\/users\/5"}],"replies":[{"embeddable":true,"href":"https:\/\/psol50.com.br\/congresso2023\/wp-json\/wp\/v2\/comments?post=28098"}],"version-history":[{"count":3,"href":"https:\/\/psol50.com.br\/congresso2023\/wp-json\/wp\/v2\/pages\/28098\/revisions"}],"predecessor-version":[{"id":29948,"href":"https:\/\/psol50.com.br\/congresso2023\/wp-json\/wp\/v2\/pages\/28098\/revisions\/29948"}],"wp:attachment":[{"href":"https:\/\/psol50.com.br\/congresso2023\/wp-json\/wp\/v2\/media?parent=28098"}],"curies":[{"name":"wp","href":"https:\/\/api.w.org\/{rel}","templated":true}]}}