{"id":30296,"date":"2023-07-12T21:41:13","date_gmt":"2023-07-13T00:41:13","guid":{"rendered":"https:\/\/psol50.com.br\/congresso2023\/?page_id=30296"},"modified":"2023-07-12T21:42:46","modified_gmt":"2023-07-13T00:42:46","slug":"bahia","status":"publish","type":"page","link":"https:\/\/psol50.com.br\/congresso2023\/teses-estaduais-2023\/bahia\/","title":{"rendered":"Bahia"},"content":{"rendered":"<div class=\"fusion-fullwidth fullwidth-box fusion-builder-row-1 fusion-flex-container nonhundred-percent-fullwidth non-hundred-percent-height-scrolling\" style=\"background-color: rgba(255,255,255,0);background-position: center center;background-repeat: no-repeat;border-width: 0px 0px 0px 0px;border-color:#eae9e9;border-style:solid;\" ><div class=\"fusion-builder-row fusion-row fusion-flex-align-items-center\" style=\"max-width:1185.6px;margin-left: calc(-4% \/ 2 );margin-right: calc(-4% \/ 2 );\"><div class=\"fusion-layout-column fusion_builder_column fusion-builder-column-0 fusion_builder_column_1_1 1_1 fusion-flex-column\"><div class=\"fusion-column-wrapper fusion-flex-justify-content-flex-start fusion-content-layout-column\" style=\"background-position:left top;background-repeat:no-repeat;-webkit-background-size:cover;-moz-background-size:cover;-o-background-size:cover;background-size:cover;padding: 0px 0px 0px 0px;\"><div style=\"text-align:left;\"><style type=\"text\/css\">.fusion-button.button-1 .fusion-button-text, .fusion-button.button-1 i {color:#550080;}.fusion-button.button-1 .fusion-button-icon-divider{border-color:#550080;}.fusion-button.button-1:hover .fusion-button-text, .fusion-button.button-1:hover i,.fusion-button.button-1:focus .fusion-button-text, .fusion-button.button-1:focus i,.fusion-button.button-1:active .fusion-button-text, .fusion-button.button-1:active{color:#550080;}.fusion-button.button-1:hover .fusion-button-icon-divider, .fusion-button.button-1:hover .fusion-button-icon-divider, .fusion-button.button-1:active .fusion-button-icon-divider{border-color:#550080;}.fusion-button.button-1:hover, .fusion-button.button-1:focus, .fusion-button.button-1:active{border-color:rgba(255,255,255,0);border-width:0px;}.fusion-button.button-1 {border-color:#ffffff;border-width:0px;border-radius:0px;}.fusion-button.button-1{background: #ffffff;}.fusion-button.button-1:hover,.button-1:focus,.fusion-button.button-1:active{background: #eaeaea;}<\/style><a class=\"fusion-button button-flat button-large button-custom button-1 fusion-button-span-no fusion-button-default-type\" target=\"_blank\" rel=\"noopener noreferrer\" href=\"https:\/\/psol50.com.br\/congresso2023\/wp-content\/uploads\/2023\/07\/1-A-AFIRMACAO-DE-UM-PSOL-POPULAR-DEMOCRATICO-E-DE-LUTAS.pdf\" style=\"margin-bottom:20px;\"><span class=\"fusion-button-text\">1 &#8211; A AFIRMA\u00c7\u00c3O DE UM PSOL POPULAR, DEMOCR\u00c1TICO E DE LUTAS<\/span><\/a><\/div><div style=\"text-align:left;\"><style type=\"text\/css\">.fusion-button.button-2 .fusion-button-text, .fusion-button.button-2 i {color:#550080;}.fusion-button.button-2 .fusion-button-icon-divider{border-color:#550080;}.fusion-button.button-2:hover .fusion-button-text, .fusion-button.button-2:hover i,.fusion-button.button-2:focus .fusion-button-text, .fusion-button.button-2:focus i,.fusion-button.button-2:active .fusion-button-text, .fusion-button.button-2:active{color:#550080;}.fusion-button.button-2:hover .fusion-button-icon-divider, .fusion-button.button-2:hover .fusion-button-icon-divider, .fusion-button.button-2:active .fusion-button-icon-divider{border-color:#550080;}.fusion-button.button-2:hover, .fusion-button.button-2:focus, .fusion-button.button-2:active{border-color:rgba(255,255,255,0);border-width:0px;}.fusion-button.button-2 {border-color:#ffffff;border-width:0px;border-radius:0px;}.fusion-button.button-2{background: #ffffff;}.fusion-button.button-2:hover,.button-2:focus,.fusion-button.button-2:active{background: #eaeaea;}<\/style><a class=\"fusion-button button-flat button-large button-custom button-2 fusion-button-span-no fusion-button-default-type\" target=\"_blank\" rel=\"noopener noreferrer\" href=\"https:\/\/psol50.com.br\/congresso2023\/wp-content\/uploads\/2023\/07\/2-ABRIR-OS-CAMINHOS-PARA-UMA-REVOLUCAO-SOLIDARIA_-POR-UM-PSOL-POPULAR-PARA-DEFENDER-A-DEMOCRACIA-E-RECONSTRUIR-O-BRASIL_V2.pdf\" style=\"margin-bottom:20px;\"><span class=\"fusion-button-text\">2 &#8211; ABRIR OS CAMINHOS PARA UMA REVOLU\u00c7\u00c3O SOLID\u00c1RIA: POR UM PSOL POPULAR PARA DEFENDER A DEMOCRACIA E RECONSTRUIR O BRASIL<\/span><\/a><\/div><div style=\"text-align:left;\"><style type=\"text\/css\">.fusion-button.button-3 .fusion-button-text, .fusion-button.button-3 i {color:#550080;}.fusion-button.button-3 .fusion-button-icon-divider{border-color:#550080;}.fusion-button.button-3:hover .fusion-button-text, .fusion-button.button-3:hover i,.fusion-button.button-3:focus .fusion-button-text, .fusion-button.button-3:focus i,.fusion-button.button-3:active .fusion-button-text, .fusion-button.button-3:active{color:#550080;}.fusion-button.button-3:hover .fusion-button-icon-divider, .fusion-button.button-3:hover .fusion-button-icon-divider, .fusion-button.button-3:active .fusion-button-icon-divider{border-color:#550080;}.fusion-button.button-3:hover, .fusion-button.button-3:focus, .fusion-button.button-3:active{border-color:rgba(255,255,255,0);border-width:0px;}.fusion-button.button-3 {border-color:#ffffff;border-width:0px;border-radius:0px;}.fusion-button.button-3{background: #ffffff;}.fusion-button.button-3:hover,.button-3:focus,.fusion-button.button-3:active{background: #eaeaea;}<\/style><a class=\"fusion-button button-flat button-large button-custom button-3 fusion-button-span-no fusion-button-default-type\" target=\"_blank\" rel=\"noopener noreferrer\" href=\"https:\/\/psol50.com.br\/congresso2023\/wp-content\/uploads\/2023\/07\/3-FAZER-DO-PSOL-SEMENTE-DE-UM-NOVO-FUTURO-PARA-A-BAHIA.pdf\" style=\"margin-bottom:20px;\"><span class=\"fusion-button-text\">3 &#8211; FAZER DO PSOL SEMENTE DE UM NOVO FUTURO PARA A BAHIA<\/span><\/a><\/div><div style=\"text-align:left;\"><style type=\"text\/css\">.fusion-button.button-4 .fusion-button-text, .fusion-button.button-4 i {color:#550080;}.fusion-button.button-4 .fusion-button-icon-divider{border-color:#550080;}.fusion-button.button-4:hover .fusion-button-text, .fusion-button.button-4:hover i,.fusion-button.button-4:focus .fusion-button-text, .fusion-button.button-4:focus i,.fusion-button.button-4:active .fusion-button-text, .fusion-button.button-4:active{color:#550080;}.fusion-button.button-4:hover .fusion-button-icon-divider, .fusion-button.button-4:hover .fusion-button-icon-divider, .fusion-button.button-4:active .fusion-button-icon-divider{border-color:#550080;}.fusion-button.button-4:hover, .fusion-button.button-4:focus, .fusion-button.button-4:active{border-color:rgba(255,255,255,0);border-width:0px;}.fusion-button.button-4 {border-color:#ffffff;border-width:0px;border-radius:0px;}.fusion-button.button-4{background: #ffffff;}.fusion-button.button-4:hover,.button-4:focus,.fusion-button.button-4:active{background: #eaeaea;}<\/style><a class=\"fusion-button button-flat button-large button-custom button-4 fusion-button-span-no fusion-button-default-type\" target=\"_blank\" rel=\"noopener noreferrer\" href=\"https:\/\/psol50.com.br\/congresso2023\/wp-content\/uploads\/2023\/07\/4-O-PSOL-QUE-QUEREMOS.pdf\" style=\"margin-bottom:20px;\"><span class=\"fusion-button-text\">4 &#8211; O PSOL QUE QUEREMOS<\/span><\/a><\/div><div style=\"text-align:left;\"><style type=\"text\/css\">.fusion-button.button-5 .fusion-button-text, .fusion-button.button-5 i {color:#550080;}.fusion-button.button-5 .fusion-button-icon-divider{border-color:#550080;}.fusion-button.button-5:hover .fusion-button-text, .fusion-button.button-5:hover i,.fusion-button.button-5:focus .fusion-button-text, .fusion-button.button-5:focus i,.fusion-button.button-5:active .fusion-button-text, .fusion-button.button-5:active{color:#550080;}.fusion-button.button-5:hover .fusion-button-icon-divider, .fusion-button.button-5:hover .fusion-button-icon-divider, .fusion-button.button-5:active .fusion-button-icon-divider{border-color:#550080;}.fusion-button.button-5:hover, .fusion-button.button-5:focus, .fusion-button.button-5:active{border-color:rgba(255,255,255,0);border-width:0px;}.fusion-button.button-5 {border-color:#ffffff;border-width:0px;border-radius:0px;}.fusion-button.button-5{background: #ffffff;}.fusion-button.button-5:hover,.button-5:focus,.fusion-button.button-5:active{background: #eaeaea;}<\/style><a class=\"fusion-button button-flat button-large button-custom button-5 fusion-button-span-no fusion-button-default-type\" target=\"_blank\" rel=\"noopener noreferrer\" href=\"https:\/\/psol50.com.br\/congresso2023\/wp-content\/uploads\/2023\/07\/5-POR-UM-PSOL-DEMOCRATICO-E-POPULAR-PARA-RECONSTRUIR-O-BRASIL-COM-LULA.pdf\" style=\"margin-bottom:20px;\"><span class=\"fusion-button-text\">5 &#8211; POR UM PSOL DEMOCR\u00c1TICO E POPULAR PARA RECONSTRUIR O BRASIL COM LULA<\/span><\/a><\/div><div style=\"text-align:left;\"><style type=\"text\/css\">.fusion-button.button-6 .fusion-button-text, .fusion-button.button-6 i {color:#550080;}.fusion-button.button-6 .fusion-button-icon-divider{border-color:#550080;}.fusion-button.button-6:hover .fusion-button-text, .fusion-button.button-6:hover i,.fusion-button.button-6:focus .fusion-button-text, .fusion-button.button-6:focus i,.fusion-button.button-6:active .fusion-button-text, .fusion-button.button-6:active{color:#550080;}.fusion-button.button-6:hover .fusion-button-icon-divider, .fusion-button.button-6:hover .fusion-button-icon-divider, .fusion-button.button-6:active .fusion-button-icon-divider{border-color:#550080;}.fusion-button.button-6:hover, .fusion-button.button-6:focus, .fusion-button.button-6:active{border-color:rgba(255,255,255,0);border-width:0px;}.fusion-button.button-6 {border-color:#ffffff;border-width:0px;border-radius:0px;}.fusion-button.button-6{background: #ffffff;}.fusion-button.button-6:hover,.button-6:focus,.fusion-button.button-6:active{background: #eaeaea;}<\/style><a class=\"fusion-button button-flat button-large button-custom button-6 fusion-button-span-no fusion-button-default-type\" target=\"_blank\" rel=\"noopener noreferrer\" href=\"https:\/\/psol50.com.br\/congresso2023\/wp-content\/uploads\/2023\/07\/6-PSOL-EU-SOU-PORQUE-NOS-SOMOS.pdf\" style=\"margin-bottom:20px;\"><span class=\"fusion-button-text\">6 &#8211; PSOL &#8211; EU SOU PORQUE NOS SOMOS<\/span><\/a><\/div><div style=\"text-align:left;\"><style type=\"text\/css\">.fusion-button.button-7 .fusion-button-text, .fusion-button.button-7 i {color:#550080;}.fusion-button.button-7 .fusion-button-icon-divider{border-color:#550080;}.fusion-button.button-7:hover .fusion-button-text, .fusion-button.button-7:hover i,.fusion-button.button-7:focus .fusion-button-text, .fusion-button.button-7:focus i,.fusion-button.button-7:active .fusion-button-text, .fusion-button.button-7:active{color:#550080;}.fusion-button.button-7:hover .fusion-button-icon-divider, .fusion-button.button-7:hover .fusion-button-icon-divider, .fusion-button.button-7:active .fusion-button-icon-divider{border-color:#550080;}.fusion-button.button-7:hover, .fusion-button.button-7:focus, .fusion-button.button-7:active{border-color:rgba(255,255,255,0);border-width:0px;}.fusion-button.button-7 {border-color:#ffffff;border-width:0px;border-radius:0px;}.fusion-button.button-7{background: #ffffff;}.fusion-button.button-7:hover,.button-7:focus,.fusion-button.button-7:active{background: #eaeaea;}<\/style><a class=\"fusion-button button-flat button-large button-custom button-7 fusion-button-span-no fusion-button-default-type\" target=\"_blank\" rel=\"noopener noreferrer\" href=\"https:\/\/psol50.com.br\/congresso2023\/wp-content\/uploads\/2023\/07\/7-PSOL-QUE-OUSA-LUTAR.pdf\" style=\"margin-bottom:20px;\"><span class=\"fusion-button-text\">7 &#8211; PSOL QUE OUSA LUTAR<\/span><\/a><\/div><div style=\"text-align:left;\"><style type=\"text\/css\">.fusion-button.button-8 .fusion-button-text, .fusion-button.button-8 i {color:#550080;}.fusion-button.button-8 .fusion-button-icon-divider{border-color:#550080;}.fusion-button.button-8:hover .fusion-button-text, .fusion-button.button-8:hover i,.fusion-button.button-8:focus .fusion-button-text, .fusion-button.button-8:focus i,.fusion-button.button-8:active .fusion-button-text, .fusion-button.button-8:active{color:#550080;}.fusion-button.button-8:hover .fusion-button-icon-divider, .fusion-button.button-8:hover .fusion-button-icon-divider, .fusion-button.button-8:active .fusion-button-icon-divider{border-color:#550080;}.fusion-button.button-8:hover, .fusion-button.button-8:focus, .fusion-button.button-8:active{border-color:rgba(255,255,255,0);border-width:0px;}.fusion-button.button-8 {border-color:#ffffff;border-width:0px;border-radius:0px;}.fusion-button.button-8{background: #ffffff;}.fusion-button.button-8:hover,.button-8:focus,.fusion-button.button-8:active{background: #eaeaea;}<\/style><a class=\"fusion-button button-flat button-large button-custom button-8 fusion-button-span-no fusion-button-default-type\" target=\"_blank\" rel=\"noopener noreferrer\" href=\"https:\/\/psol50.com.br\/congresso2023\/wp-content\/uploads\/2023\/07\/8-TESE-ESTADUAL-MARIA-CRISTINA-DOS-SANTOS-BARROS-COLETIVO-INDEPENDENTES-E-KAAWEE.pdf\" style=\"margin-bottom:20px;\"><span class=\"fusion-button-text\">8 &#8211; TESE ESTADUAL MARIA CRISTINA DOS SANTOS BARROS &#8211; COLETIVO INDEPENDENTES E KAAWEE<\/span><\/a><\/div><div style=\"text-align:left;\"><style type=\"text\/css\">.fusion-button.button-9 .fusion-button-text, .fusion-button.button-9 i {color:#550080;}.fusion-button.button-9 .fusion-button-icon-divider{border-color:#550080;}.fusion-button.button-9:hover .fusion-button-text, .fusion-button.button-9:hover i,.fusion-button.button-9:focus .fusion-button-text, .fusion-button.button-9:focus i,.fusion-button.button-9:active .fusion-button-text, .fusion-button.button-9:active{color:#550080;}.fusion-button.button-9:hover .fusion-button-icon-divider, .fusion-button.button-9:hover .fusion-button-icon-divider, .fusion-button.button-9:active .fusion-button-icon-divider{border-color:#550080;}.fusion-button.button-9:hover, .fusion-button.button-9:focus, .fusion-button.button-9:active{border-color:rgba(255,255,255,0);border-width:0px;}.fusion-button.button-9 {border-color:#ffffff;border-width:0px;border-radius:0px;}.fusion-button.button-9{background: #ffffff;}.fusion-button.button-9:hover,.button-9:focus,.fusion-button.button-9:active{background: #eaeaea;}<\/style><a class=\"fusion-button button-flat button-large button-custom button-9 fusion-button-span-no fusion-button-default-type\" target=\"_blank\" rel=\"noopener noreferrer\" href=\"https:\/\/psol50.com.br\/congresso2023\/wp-content\/uploads\/2023\/07\/9-UM-PSOL-SOCIALISTA-E-INDEPENDENTE-PARA-CONSTRUIR-UMA-BAHIA-INDIGENA-NEGRA-POPULAR-E-DECOLONIAL.pdf\" style=\"margin-bottom:20px;\"><span class=\"fusion-button-text\">9 &#8211; UM PSOL SOCIALISTA E INDEPENDENTE PARA CONSTRUIR UMA BAHIA INDIGENA NEGRA, POPULAR E DECOLONIAL<\/span><\/a><\/div><\/div><\/div><style type=\"text\/css\">.fusion-body .fusion-builder-column-0{width:100% !important;margin-top : 0px;margin-bottom : 0px;}.fusion-builder-column-0 > .fusion-column-wrapper {padding-top : 0px !important;padding-right : 0px !important;margin-right : 1.92%;padding-bottom : 0px !important;padding-left : 0px !important;margin-left : 1.92%;}@media only screen and (max-width:1024px) {.fusion-body .fusion-builder-column-0{width:100% !important;order : 0;}.fusion-builder-column-0 > .fusion-column-wrapper {margin-right : 1.92%;margin-left : 1.92%;}}@media only screen and (max-width:640px) {.fusion-body .fusion-builder-column-0{width:100% !important;order : 0;margin-top : 15px;margin-bottom : 15px;}.fusion-builder-column-0 > .fusion-column-wrapper {margin-right : 1.92%;margin-left : 1.92%;}}<\/style><\/div><style type=\"text\/css\">.fusion-body .fusion-flex-container.fusion-builder-row-1{ padding-top : 0px;margin-top : 20px;padding-right : 0px;padding-bottom : 0px;margin-bottom : 60px;padding-left : 0px;}@media only screen and (max-width:640px) {.fusion-body .fusion-flex-container.fusion-builder-row-1{ margin-top : 0px;margin-bottom : 0px;}}<\/style><\/div>\n","protected":false},"excerpt":{"rendered":"","protected":false},"author":5,"featured_media":0,"parent":30182,"menu_order":0,"comment_status":"closed","ping_status":"closed","template":"","meta":[],"yoast_head":"<!-- This site is optimized with the Yoast SEO plugin v20.11 - https:\/\/yoast.com\/wordpress\/plugins\/seo\/ -->\n<title>Bahia - 8\u00ba Congresso Nacional do PSOL<\/title>\n<meta name=\"robots\" content=\"index, follow, max-snippet:-1, max-image-preview:large, max-video-preview:-1\" \/>\n<link rel=\"canonical\" href=\"https:\/\/psol50.com.br\/congresso2023\/teses-estaduais-2023\/bahia\/\" \/>\n<meta property=\"og:locale\" content=\"pt_BR\" \/>\n<meta property=\"og:type\" content=\"article\" \/>\n<meta property=\"og:title\" content=\"Bahia - 8\u00ba Congresso Nacional do PSOL\" \/>\n<meta property=\"og:url\" content=\"https:\/\/psol50.com.br\/congresso2023\/teses-estaduais-2023\/bahia\/\" \/>\n<meta property=\"og:site_name\" content=\"8\u00ba Congresso Nacional do PSOL\" \/>\n<meta property=\"article:publisher\" content=\"https:\/\/www.facebook.com\/psol50\" \/>\n<meta property=\"article:modified_time\" content=\"2023-07-13T00:42:46+00:00\" \/>\n<meta property=\"og:image\" content=\"https:\/\/psol50.com.br\/congresso2023\/wp-content\/uploads\/2020\/02\/capa-546x365-1.png\" \/>\n\t<meta property=\"og:image:width\" content=\"546\" \/>\n\t<meta property=\"og:image:height\" content=\"365\" \/>\n\t<meta property=\"og:image:type\" content=\"image\/png\" \/>\n<meta name=\"twitter:card\" content=\"summary_large_image\" \/>\n<meta name=\"twitter:site\" content=\"@psol50\" \/>\n<meta name=\"twitter:label1\" content=\"Est. tempo de leitura\" \/>\n\t<meta name=\"twitter:data1\" content=\"8 minutos\" \/>\n<script type=\"application\/ld+json\" class=\"yoast-schema-graph\">{\"@context\":\"https:\/\/schema.org\",\"@graph\":[{\"@type\":\"WebPage\",\"@id\":\"https:\/\/psol50.com.br\/congresso2023\/teses-estaduais-2023\/bahia\/\",\"url\":\"https:\/\/psol50.com.br\/congresso2023\/teses-estaduais-2023\/bahia\/\",\"name\":\"Bahia - 8\u00ba Congresso Nacional do PSOL\",\"isPartOf\":{\"@id\":\"https:\/\/psol50.com.br\/congresso2023\/#website\"},\"datePublished\":\"2023-07-13T00:41:13+00:00\",\"dateModified\":\"2023-07-13T00:42:46+00:00\",\"breadcrumb\":{\"@id\":\"https:\/\/psol50.com.br\/congresso2023\/teses-estaduais-2023\/bahia\/#breadcrumb\"},\"inLanguage\":\"pt-BR\",\"potentialAction\":[{\"@type\":\"ReadAction\",\"target\":[\"https:\/\/psol50.com.br\/congresso2023\/teses-estaduais-2023\/bahia\/\"]}]},{\"@type\":\"BreadcrumbList\",\"@id\":\"https:\/\/psol50.com.br\/congresso2023\/teses-estaduais-2023\/bahia\/#breadcrumb\",\"itemListElement\":[{\"@type\":\"ListItem\",\"position\":1,\"name\":\"In\u00edcio\",\"item\":\"https:\/\/psol50.com.br\/congresso2023\/\"},{\"@type\":\"ListItem\",\"position\":2,\"name\":\"Teses Estaduais\",\"item\":\"https:\/\/psol50.com.br\/congresso2023\/teses-estaduais-2023\/\"},{\"@type\":\"ListItem\",\"position\":3,\"name\":\"Bahia\"}]},{\"@type\":\"WebSite\",\"@id\":\"https:\/\/psol50.com.br\/congresso2023\/#website\",\"url\":\"https:\/\/psol50.com.br\/congresso2023\/\",\"name\":\"8\u00ba Congresso Nacional do PSOL\",\"description\":\"Partido Socialismo e Liberdade\",\"publisher\":{\"@id\":\"https:\/\/psol50.com.br\/congresso2023\/#organization\"},\"alternateName\":\"8congressoPSOL\",\"potentialAction\":[{\"@type\":\"SearchAction\",\"target\":{\"@type\":\"EntryPoint\",\"urlTemplate\":\"https:\/\/psol50.com.br\/congresso2023\/?s={search_term_string}\"},\"query-input\":\"required name=search_term_string\"}],\"inLanguage\":\"pt-BR\"},{\"@type\":\"Organization\",\"@id\":\"https:\/\/psol50.com.br\/congresso2023\/#organization\",\"name\":\"8\u00ba Congresso Nacional do PSOL\",\"alternateName\":\"8congressoPSOL\",\"url\":\"https:\/\/psol50.com.br\/congresso2023\/\",\"logo\":{\"@type\":\"ImageObject\",\"inLanguage\":\"pt-BR\",\"@id\":\"https:\/\/psol50.com.br\/congresso2023\/#\/schema\/logo\/image\/\",\"url\":\"https:\/\/psol50.com.br\/congresso2023\/wp-content\/uploads\/2020\/02\/capa-546x365-1.png\",\"contentUrl\":\"https:\/\/psol50.com.br\/congresso2023\/wp-content\/uploads\/2020\/02\/capa-546x365-1.png\",\"width\":546,\"height\":365,\"caption\":\"8\u00ba Congresso Nacional do PSOL\"},\"image\":{\"@id\":\"https:\/\/psol50.com.br\/congresso2023\/#\/schema\/logo\/image\/\"},\"sameAs\":[\"https:\/\/www.facebook.com\/psol50\",\"https:\/\/twitter.com\/psol50\",\"https:\/\/www.instagram.com\/psol50\/\",\"https:\/\/www.youtube.com\/channel\/UC7SnJS5o1os7a6CaiNabzcg\"]}]}<\/script>\n<!-- \/ Yoast SEO plugin. -->","yoast_head_json":{"title":"Bahia - 8\u00ba Congresso Nacional do PSOL","robots":{"index":"index","follow":"follow","max-snippet":"max-snippet:-1","max-image-preview":"max-image-preview:large","max-video-preview":"max-video-preview:-1"},"canonical":"https:\/\/psol50.com.br\/congresso2023\/teses-estaduais-2023\/bahia\/","og_locale":"pt_BR","og_type":"article","og_title":"Bahia - 8\u00ba Congresso Nacional do PSOL","og_url":"https:\/\/psol50.com.br\/congresso2023\/teses-estaduais-2023\/bahia\/","og_site_name":"8\u00ba Congresso Nacional do PSOL","article_publisher":"https:\/\/www.facebook.com\/psol50","article_modified_time":"2023-07-13T00:42:46+00:00","og_image":[{"width":546,"height":365,"url":"https:\/\/psol50.com.br\/congresso2023\/wp-content\/uploads\/2020\/02\/capa-546x365-1.png","type":"image\/png"}],"twitter_card":"summary_large_image","twitter_site":"@psol50","twitter_misc":{"Est. tempo de leitura":"8 minutos"},"schema":{"@context":"https:\/\/schema.org","@graph":[{"@type":"WebPage","@id":"https:\/\/psol50.com.br\/congresso2023\/teses-estaduais-2023\/bahia\/","url":"https:\/\/psol50.com.br\/congresso2023\/teses-estaduais-2023\/bahia\/","name":"Bahia - 8\u00ba Congresso Nacional do PSOL","isPartOf":{"@id":"https:\/\/psol50.com.br\/congresso2023\/#website"},"datePublished":"2023-07-13T00:41:13+00:00","dateModified":"2023-07-13T00:42:46+00:00","breadcrumb":{"@id":"https:\/\/psol50.com.br\/congresso2023\/teses-estaduais-2023\/bahia\/#breadcrumb"},"inLanguage":"pt-BR","potentialAction":[{"@type":"ReadAction","target":["https:\/\/psol50.com.br\/congresso2023\/teses-estaduais-2023\/bahia\/"]}]},{"@type":"BreadcrumbList","@id":"https:\/\/psol50.com.br\/congresso2023\/teses-estaduais-2023\/bahia\/#breadcrumb","itemListElement":[{"@type":"ListItem","position":1,"name":"In\u00edcio","item":"https:\/\/psol50.com.br\/congresso2023\/"},{"@type":"ListItem","position":2,"name":"Teses Estaduais","item":"https:\/\/psol50.com.br\/congresso2023\/teses-estaduais-2023\/"},{"@type":"ListItem","position":3,"name":"Bahia"}]},{"@type":"WebSite","@id":"https:\/\/psol50.com.br\/congresso2023\/#website","url":"https:\/\/psol50.com.br\/congresso2023\/","name":"8\u00ba Congresso Nacional do PSOL","description":"Partido Socialismo e Liberdade","publisher":{"@id":"https:\/\/psol50.com.br\/congresso2023\/#organization"},"alternateName":"8congressoPSOL","potentialAction":[{"@type":"SearchAction","target":{"@type":"EntryPoint","urlTemplate":"https:\/\/psol50.com.br\/congresso2023\/?s={search_term_string}"},"query-input":"required name=search_term_string"}],"inLanguage":"pt-BR"},{"@type":"Organization","@id":"https:\/\/psol50.com.br\/congresso2023\/#organization","name":"8\u00ba Congresso Nacional do PSOL","alternateName":"8congressoPSOL","url":"https:\/\/psol50.com.br\/congresso2023\/","logo":{"@type":"ImageObject","inLanguage":"pt-BR","@id":"https:\/\/psol50.com.br\/congresso2023\/#\/schema\/logo\/image\/","url":"https:\/\/psol50.com.br\/congresso2023\/wp-content\/uploads\/2020\/02\/capa-546x365-1.png","contentUrl":"https:\/\/psol50.com.br\/congresso2023\/wp-content\/uploads\/2020\/02\/capa-546x365-1.png","width":546,"height":365,"caption":"8\u00ba Congresso Nacional do PSOL"},"image":{"@id":"https:\/\/psol50.com.br\/congresso2023\/#\/schema\/logo\/image\/"},"sameAs":["https:\/\/www.facebook.com\/psol50","https:\/\/twitter.com\/psol50","https:\/\/www.instagram.com\/psol50\/","https:\/\/www.youtube.com\/channel\/UC7SnJS5o1os7a6CaiNabzcg"]}]}},"_links":{"self":[{"href":"https:\/\/psol50.com.br\/congresso2023\/wp-json\/wp\/v2\/pages\/30296"}],"collection":[{"href":"https:\/\/psol50.com.br\/congresso2023\/wp-json\/wp\/v2\/pages"}],"about":[{"href":"https:\/\/psol50.com.br\/congresso2023\/wp-json\/wp\/v2\/types\/page"}],"author":[{"embeddable":true,"href":"https:\/\/psol50.com.br\/congresso2023\/wp-json\/wp\/v2\/users\/5"}],"replies":[{"embeddable":true,"href":"https:\/\/psol50.com.br\/congresso2023\/wp-json\/wp\/v2\/comments?post=30296"}],"version-history":[{"count":2,"href":"https:\/\/psol50.com.br\/congresso2023\/wp-json\/wp\/v2\/pages\/30296\/revisions"}],"predecessor-version":[{"id":30298,"href":"https:\/\/psol50.com.br\/congresso2023\/wp-json\/wp\/v2\/pages\/30296\/revisions\/30298"}],"up":[{"embeddable":true,"href":"https:\/\/psol50.com.br\/congresso2023\/wp-json\/wp\/v2\/pages\/30182"}],"wp:attachment":[{"href":"https:\/\/psol50.com.br\/congresso2023\/wp-json\/wp\/v2\/media?parent=30296"}],"curies":[{"name":"wp","href":"https:\/\/api.w.org\/{rel}","templated":true}]}}