{"id":30301,"date":"2023-07-12T21:51:39","date_gmt":"2023-07-13T00:51:39","guid":{"rendered":"https:\/\/psol50.com.br\/congresso2023\/?page_id=30301"},"modified":"2023-07-13T12:51:09","modified_gmt":"2023-07-13T15:51:09","slug":"distrito-federal","status":"publish","type":"page","link":"https:\/\/psol50.com.br\/congresso2023\/teses-estaduais-2023\/distrito-federal\/","title":{"rendered":"Distrito Federal"},"content":{"rendered":"<div class=\"fusion-fullwidth fullwidth-box fusion-builder-row-1 fusion-flex-container nonhundred-percent-fullwidth non-hundred-percent-height-scrolling\" style=\"background-color: rgba(255,255,255,0);background-position: center center;background-repeat: no-repeat;border-width: 0px 0px 0px 0px;border-color:#eae9e9;border-style:solid;\" ><div class=\"fusion-builder-row fusion-row fusion-flex-align-items-center\" style=\"max-width:1185.6px;margin-left: calc(-4% \/ 2 );margin-right: calc(-4% \/ 2 );\"><div class=\"fusion-layout-column fusion_builder_column fusion-builder-column-0 fusion_builder_column_1_1 1_1 fusion-flex-column\"><div class=\"fusion-column-wrapper fusion-flex-justify-content-flex-start fusion-content-layout-column\" style=\"background-position:left top;background-repeat:no-repeat;-webkit-background-size:cover;-moz-background-size:cover;-o-background-size:cover;background-size:cover;padding: 0px 0px 0px 0px;\"><div style=\"text-align:left;\"><style type=\"text\/css\">.fusion-button.button-1 .fusion-button-text, .fusion-button.button-1 i {color:#550080;}.fusion-button.button-1 .fusion-button-icon-divider{border-color:#550080;}.fusion-button.button-1:hover .fusion-button-text, .fusion-button.button-1:hover i,.fusion-button.button-1:focus .fusion-button-text, .fusion-button.button-1:focus i,.fusion-button.button-1:active .fusion-button-text, .fusion-button.button-1:active{color:#550080;}.fusion-button.button-1:hover .fusion-button-icon-divider, .fusion-button.button-1:hover .fusion-button-icon-divider, .fusion-button.button-1:active .fusion-button-icon-divider{border-color:#550080;}.fusion-button.button-1:hover, .fusion-button.button-1:focus, .fusion-button.button-1:active{border-color:rgba(255,255,255,0);border-width:0px;}.fusion-button.button-1 {border-color:#ffffff;border-width:0px;border-radius:0px;}.fusion-button.button-1{background: #ffffff;}.fusion-button.button-1:hover,.button-1:focus,.fusion-button.button-1:active{background: #eaeaea;}<\/style><a class=\"fusion-button button-flat button-large button-custom button-1 fusion-button-span-no fusion-button-default-type\" target=\"_blank\" rel=\"noopener noreferrer\" href=\"https:\/\/psol50.com.br\/congresso2023\/wp-content\/uploads\/2023\/07\/1-A-NECESSIDADE-DE-UM-PSOL-QUE-OUSA-LUTAR-NO-DISTRITO-FEDERAL.pdf\" style=\"margin-bottom:20px;\"><span class=\"fusion-button-text\">1 &#8211; A NECESSIDADE DE UM PSOL QUE OUSA LUTAR NO DISTRITO FEDERAL<\/span><\/a><\/div><div style=\"text-align:left;\"><style type=\"text\/css\">.fusion-button.button-2 .fusion-button-text, .fusion-button.button-2 i {color:#550080;}.fusion-button.button-2 .fusion-button-icon-divider{border-color:#550080;}.fusion-button.button-2:hover .fusion-button-text, .fusion-button.button-2:hover i,.fusion-button.button-2:focus .fusion-button-text, .fusion-button.button-2:focus i,.fusion-button.button-2:active .fusion-button-text, .fusion-button.button-2:active{color:#550080;}.fusion-button.button-2:hover .fusion-button-icon-divider, .fusion-button.button-2:hover .fusion-button-icon-divider, .fusion-button.button-2:active .fusion-button-icon-divider{border-color:#550080;}.fusion-button.button-2:hover, .fusion-button.button-2:focus, .fusion-button.button-2:active{border-color:rgba(255,255,255,0);border-width:0px;}.fusion-button.button-2 {border-color:#ffffff;border-width:0px;border-radius:0px;}.fusion-button.button-2{background: #ffffff;}.fusion-button.button-2:hover,.button-2:focus,.fusion-button.button-2:active{background: #eaeaea;}<\/style><a class=\"fusion-button button-flat button-large button-custom button-2 fusion-button-span-no fusion-button-default-type\" target=\"_blank\" rel=\"noopener noreferrer\" href=\"https:\/\/psol50.com.br\/congresso2023\/wp-content\/uploads\/2023\/07\/2-POR-UM-PSOL-DE-TODAS-AS-LUTAS-NO-DF.pdf\" style=\"margin-bottom:20px;\"><span class=\"fusion-button-text\">2 &#8211; POR UM PSOL DE TODAS AS LUTAS NO DF<\/span><\/a><\/div><div style=\"text-align:left;\"><style type=\"text\/css\">.fusion-button.button-3 .fusion-button-text, .fusion-button.button-3 i {color:#550080;}.fusion-button.button-3 .fusion-button-icon-divider{border-color:#550080;}.fusion-button.button-3:hover .fusion-button-text, .fusion-button.button-3:hover i,.fusion-button.button-3:focus .fusion-button-text, .fusion-button.button-3:focus i,.fusion-button.button-3:active .fusion-button-text, .fusion-button.button-3:active{color:#550080;}.fusion-button.button-3:hover .fusion-button-icon-divider, .fusion-button.button-3:hover .fusion-button-icon-divider, .fusion-button.button-3:active .fusion-button-icon-divider{border-color:#550080;}.fusion-button.button-3:hover, .fusion-button.button-3:focus, .fusion-button.button-3:active{border-color:rgba(255,255,255,0);border-width:0px;}.fusion-button.button-3 {border-color:#ffffff;border-width:0px;border-radius:0px;}.fusion-button.button-3{background: #ffffff;}.fusion-button.button-3:hover,.button-3:focus,.fusion-button.button-3:active{background: #eaeaea;}<\/style><a class=\"fusion-button button-flat button-large button-custom button-3 fusion-button-span-no fusion-button-default-type\" target=\"_blank\" rel=\"noopener noreferrer\" href=\"https:\/\/psol50.com.br\/congresso2023\/wp-content\/uploads\/2023\/07\/3-POR-UM-PSOL-INDEPENDENTE-DAS-LUTAS-CLASSISTA-E-SOCIALISTA.-NENHUMA-CONFIANCA-NA-FRENTE-AMPLA.-OPOSICAO-DE-ESQUERDA-AO-GOVERNO-IBANEIS_.pdf\" style=\"margin-bottom:20px;\"><span class=\"fusion-button-text\">3 &#8211; POR UM PSOL INDEPENDENTE, DAS LUTAS, CLASSISTA E SOCIALISTA. NENHUMA CONFIAN\u00c7A NA FRENTE AMPLA. OPOSI\u00c7\u00c3O DE ESQUERDA AO GOVERNO IBANEIS.<\/span><\/a><\/div><div style=\"text-align:left;\"><style type=\"text\/css\">.fusion-button.button-4 .fusion-button-text, .fusion-button.button-4 i {color:#550080;}.fusion-button.button-4 .fusion-button-icon-divider{border-color:#550080;}.fusion-button.button-4:hover .fusion-button-text, .fusion-button.button-4:hover i,.fusion-button.button-4:focus .fusion-button-text, .fusion-button.button-4:focus i,.fusion-button.button-4:active .fusion-button-text, .fusion-button.button-4:active{color:#550080;}.fusion-button.button-4:hover .fusion-button-icon-divider, .fusion-button.button-4:hover .fusion-button-icon-divider, .fusion-button.button-4:active .fusion-button-icon-divider{border-color:#550080;}.fusion-button.button-4:hover, .fusion-button.button-4:focus, .fusion-button.button-4:active{border-color:rgba(255,255,255,0);border-width:0px;}.fusion-button.button-4 {border-color:#ffffff;border-width:0px;border-radius:0px;}.fusion-button.button-4{background: #ffffff;}.fusion-button.button-4:hover,.button-4:focus,.fusion-button.button-4:active{background: #eaeaea;}<\/style><a class=\"fusion-button button-flat button-large button-custom button-4 fusion-button-span-no fusion-button-default-type\" target=\"_blank\" rel=\"noopener noreferrer\" href=\"https:\/\/psol50.com.br\/congresso2023\/wp-content\/uploads\/2023\/07\/4-POR-UM-PSOL-POPULAR-E-SOCIALISTA.pdf\" style=\"margin-bottom:20px;\"><span class=\"fusion-button-text\">4 &#8211; POR UM PSOL POPULAR E SOCIALISTA<\/span><\/a><\/div><div style=\"text-align:left;\"><style type=\"text\/css\">.fusion-button.button-5 .fusion-button-text, .fusion-button.button-5 i {color:#550080;}.fusion-button.button-5 .fusion-button-icon-divider{border-color:#550080;}.fusion-button.button-5:hover .fusion-button-text, .fusion-button.button-5:hover i,.fusion-button.button-5:focus .fusion-button-text, .fusion-button.button-5:focus i,.fusion-button.button-5:active .fusion-button-text, .fusion-button.button-5:active{color:#550080;}.fusion-button.button-5:hover .fusion-button-icon-divider, .fusion-button.button-5:hover .fusion-button-icon-divider, .fusion-button.button-5:active .fusion-button-icon-divider{border-color:#550080;}.fusion-button.button-5:hover, .fusion-button.button-5:focus, .fusion-button.button-5:active{border-color:rgba(255,255,255,0);border-width:0px;}.fusion-button.button-5 {border-color:#ffffff;border-width:0px;border-radius:0px;}.fusion-button.button-5{background: #ffffff;}.fusion-button.button-5:hover,.button-5:focus,.fusion-button.button-5:active{background: #eaeaea;}<\/style><a class=\"fusion-button button-flat button-large button-custom button-5 fusion-button-span-no fusion-button-default-type\" target=\"_blank\" rel=\"noopener noreferrer\" href=\"https:\/\/psol50.com.br\/congresso2023\/wp-content\/uploads\/2023\/07\/5-PSOL-EM-MOVIMENTO.pdf\" style=\"margin-bottom:20px;\"><span class=\"fusion-button-text\">5 &#8211; PSOL EM MOVIMENTO<\/span><\/a><\/div><div style=\"text-align:left;\"><style type=\"text\/css\">.fusion-button.button-6 .fusion-button-text, .fusion-button.button-6 i {color:#550080;}.fusion-button.button-6 .fusion-button-icon-divider{border-color:#550080;}.fusion-button.button-6:hover .fusion-button-text, .fusion-button.button-6:hover i,.fusion-button.button-6:focus .fusion-button-text, .fusion-button.button-6:focus i,.fusion-button.button-6:active .fusion-button-text, .fusion-button.button-6:active{color:#550080;}.fusion-button.button-6:hover .fusion-button-icon-divider, .fusion-button.button-6:hover .fusion-button-icon-divider, .fusion-button.button-6:active .fusion-button-icon-divider{border-color:#550080;}.fusion-button.button-6:hover, .fusion-button.button-6:focus, .fusion-button.button-6:active{border-color:rgba(255,255,255,0);border-width:0px;}.fusion-button.button-6 {border-color:#ffffff;border-width:0px;border-radius:0px;}.fusion-button.button-6{background: #ffffff;}.fusion-button.button-6:hover,.button-6:focus,.fusion-button.button-6:active{background: #eaeaea;}<\/style><a class=\"fusion-button button-flat button-large button-custom button-6 fusion-button-span-no fusion-button-default-type\" target=\"_blank\" rel=\"noopener noreferrer\" href=\"https:\/\/psol50.com.br\/congresso2023\/wp-content\/uploads\/2023\/07\/6-SEMEAR-O-FUTURO_-OCUPAR-O-PRESENTE-CONSTRUIR-O-AMANHA_V2.pdf\" style=\"margin-bottom:20px;\"><span class=\"fusion-button-text\">6 &#8211; SEMEAR O FUTURO: OCUPAR O PRESENTE, CONSTRUIR O AMANH\u00c3<\/span><\/a><\/div><\/div><\/div><style type=\"text\/css\">.fusion-body .fusion-builder-column-0{width:100% !important;margin-top : 0px;margin-bottom : 0px;}.fusion-builder-column-0 > .fusion-column-wrapper {padding-top : 0px !important;padding-right : 0px !important;margin-right : 1.92%;padding-bottom : 0px !important;padding-left : 0px !important;margin-left : 1.92%;}@media only screen and (max-width:1024px) {.fusion-body .fusion-builder-column-0{width:100% !important;order : 0;}.fusion-builder-column-0 > .fusion-column-wrapper {margin-right : 1.92%;margin-left : 1.92%;}}@media only screen and (max-width:640px) {.fusion-body .fusion-builder-column-0{width:100% !important;order : 0;margin-top : 15px;margin-bottom : 15px;}.fusion-builder-column-0 > .fusion-column-wrapper {margin-right : 1.92%;margin-left : 1.92%;}}<\/style><\/div><style type=\"text\/css\">.fusion-body .fusion-flex-container.fusion-builder-row-1{ padding-top : 0px;margin-top : 20px;padding-right : 0px;padding-bottom : 0px;margin-bottom : 60px;padding-left : 0px;}@media only screen and (max-width:640px) {.fusion-body .fusion-flex-container.fusion-builder-row-1{ margin-top : 0px;margin-bottom : 0px;}}<\/style><\/div>\n","protected":false},"excerpt":{"rendered":"","protected":false},"author":5,"featured_media":0,"parent":30182,"menu_order":0,"comment_status":"closed","ping_status":"closed","template":"","meta":[],"yoast_head":"<!-- This site is optimized with the Yoast SEO plugin v20.11 - https:\/\/yoast.com\/wordpress\/plugins\/seo\/ -->\n<title>Distrito Federal - 8\u00ba Congresso Nacional do PSOL<\/title>\n<meta name=\"robots\" content=\"index, follow, max-snippet:-1, max-image-preview:large, max-video-preview:-1\" \/>\n<link rel=\"canonical\" href=\"https:\/\/psol50.com.br\/congresso2023\/teses-estaduais-2023\/distrito-federal\/\" \/>\n<meta property=\"og:locale\" content=\"pt_BR\" \/>\n<meta property=\"og:type\" content=\"article\" \/>\n<meta property=\"og:title\" content=\"Distrito Federal - 8\u00ba Congresso Nacional do PSOL\" \/>\n<meta property=\"og:url\" content=\"https:\/\/psol50.com.br\/congresso2023\/teses-estaduais-2023\/distrito-federal\/\" \/>\n<meta property=\"og:site_name\" content=\"8\u00ba Congresso Nacional do PSOL\" \/>\n<meta property=\"article:publisher\" content=\"https:\/\/www.facebook.com\/psol50\" \/>\n<meta property=\"article:modified_time\" content=\"2023-07-13T15:51:09+00:00\" \/>\n<meta property=\"og:image\" content=\"https:\/\/psol50.com.br\/congresso2023\/wp-content\/uploads\/2020\/02\/capa-546x365-1.png\" \/>\n\t<meta property=\"og:image:width\" content=\"546\" \/>\n\t<meta property=\"og:image:height\" content=\"365\" \/>\n\t<meta property=\"og:image:type\" content=\"image\/png\" \/>\n<meta name=\"twitter:card\" content=\"summary_large_image\" \/>\n<meta name=\"twitter:site\" content=\"@psol50\" \/>\n<meta name=\"twitter:label1\" content=\"Est. tempo de leitura\" \/>\n\t<meta name=\"twitter:data1\" content=\"8 minutos\" \/>\n<script type=\"application\/ld+json\" class=\"yoast-schema-graph\">{\"@context\":\"https:\/\/schema.org\",\"@graph\":[{\"@type\":\"WebPage\",\"@id\":\"https:\/\/psol50.com.br\/congresso2023\/teses-estaduais-2023\/distrito-federal\/\",\"url\":\"https:\/\/psol50.com.br\/congresso2023\/teses-estaduais-2023\/distrito-federal\/\",\"name\":\"Distrito Federal - 8\u00ba Congresso Nacional do PSOL\",\"isPartOf\":{\"@id\":\"https:\/\/psol50.com.br\/congresso2023\/#website\"},\"datePublished\":\"2023-07-13T00:51:39+00:00\",\"dateModified\":\"2023-07-13T15:51:09+00:00\",\"breadcrumb\":{\"@id\":\"https:\/\/psol50.com.br\/congresso2023\/teses-estaduais-2023\/distrito-federal\/#breadcrumb\"},\"inLanguage\":\"pt-BR\",\"potentialAction\":[{\"@type\":\"ReadAction\",\"target\":[\"https:\/\/psol50.com.br\/congresso2023\/teses-estaduais-2023\/distrito-federal\/\"]}]},{\"@type\":\"BreadcrumbList\",\"@id\":\"https:\/\/psol50.com.br\/congresso2023\/teses-estaduais-2023\/distrito-federal\/#breadcrumb\",\"itemListElement\":[{\"@type\":\"ListItem\",\"position\":1,\"name\":\"In\u00edcio\",\"item\":\"https:\/\/psol50.com.br\/congresso2023\/\"},{\"@type\":\"ListItem\",\"position\":2,\"name\":\"Teses Estaduais\",\"item\":\"https:\/\/psol50.com.br\/congresso2023\/teses-estaduais-2023\/\"},{\"@type\":\"ListItem\",\"position\":3,\"name\":\"Distrito Federal\"}]},{\"@type\":\"WebSite\",\"@id\":\"https:\/\/psol50.com.br\/congresso2023\/#website\",\"url\":\"https:\/\/psol50.com.br\/congresso2023\/\",\"name\":\"8\u00ba Congresso Nacional do PSOL\",\"description\":\"Partido Socialismo e Liberdade\",\"publisher\":{\"@id\":\"https:\/\/psol50.com.br\/congresso2023\/#organization\"},\"alternateName\":\"8congressoPSOL\",\"potentialAction\":[{\"@type\":\"SearchAction\",\"target\":{\"@type\":\"EntryPoint\",\"urlTemplate\":\"https:\/\/psol50.com.br\/congresso2023\/?s={search_term_string}\"},\"query-input\":\"required name=search_term_string\"}],\"inLanguage\":\"pt-BR\"},{\"@type\":\"Organization\",\"@id\":\"https:\/\/psol50.com.br\/congresso2023\/#organization\",\"name\":\"8\u00ba Congresso Nacional do PSOL\",\"alternateName\":\"8congressoPSOL\",\"url\":\"https:\/\/psol50.com.br\/congresso2023\/\",\"logo\":{\"@type\":\"ImageObject\",\"inLanguage\":\"pt-BR\",\"@id\":\"https:\/\/psol50.com.br\/congresso2023\/#\/schema\/logo\/image\/\",\"url\":\"https:\/\/psol50.com.br\/congresso2023\/wp-content\/uploads\/2020\/02\/capa-546x365-1.png\",\"contentUrl\":\"https:\/\/psol50.com.br\/congresso2023\/wp-content\/uploads\/2020\/02\/capa-546x365-1.png\",\"width\":546,\"height\":365,\"caption\":\"8\u00ba Congresso Nacional do PSOL\"},\"image\":{\"@id\":\"https:\/\/psol50.com.br\/congresso2023\/#\/schema\/logo\/image\/\"},\"sameAs\":[\"https:\/\/www.facebook.com\/psol50\",\"https:\/\/twitter.com\/psol50\",\"https:\/\/www.instagram.com\/psol50\/\",\"https:\/\/www.youtube.com\/channel\/UC7SnJS5o1os7a6CaiNabzcg\"]}]}<\/script>\n<!-- \/ Yoast SEO plugin. -->","yoast_head_json":{"title":"Distrito Federal - 8\u00ba Congresso Nacional do PSOL","robots":{"index":"index","follow":"follow","max-snippet":"max-snippet:-1","max-image-preview":"max-image-preview:large","max-video-preview":"max-video-preview:-1"},"canonical":"https:\/\/psol50.com.br\/congresso2023\/teses-estaduais-2023\/distrito-federal\/","og_locale":"pt_BR","og_type":"article","og_title":"Distrito Federal - 8\u00ba Congresso Nacional do PSOL","og_url":"https:\/\/psol50.com.br\/congresso2023\/teses-estaduais-2023\/distrito-federal\/","og_site_name":"8\u00ba Congresso Nacional do PSOL","article_publisher":"https:\/\/www.facebook.com\/psol50","article_modified_time":"2023-07-13T15:51:09+00:00","og_image":[{"width":546,"height":365,"url":"https:\/\/psol50.com.br\/congresso2023\/wp-content\/uploads\/2020\/02\/capa-546x365-1.png","type":"image\/png"}],"twitter_card":"summary_large_image","twitter_site":"@psol50","twitter_misc":{"Est. tempo de leitura":"8 minutos"},"schema":{"@context":"https:\/\/schema.org","@graph":[{"@type":"WebPage","@id":"https:\/\/psol50.com.br\/congresso2023\/teses-estaduais-2023\/distrito-federal\/","url":"https:\/\/psol50.com.br\/congresso2023\/teses-estaduais-2023\/distrito-federal\/","name":"Distrito Federal - 8\u00ba Congresso Nacional do PSOL","isPartOf":{"@id":"https:\/\/psol50.com.br\/congresso2023\/#website"},"datePublished":"2023-07-13T00:51:39+00:00","dateModified":"2023-07-13T15:51:09+00:00","breadcrumb":{"@id":"https:\/\/psol50.com.br\/congresso2023\/teses-estaduais-2023\/distrito-federal\/#breadcrumb"},"inLanguage":"pt-BR","potentialAction":[{"@type":"ReadAction","target":["https:\/\/psol50.com.br\/congresso2023\/teses-estaduais-2023\/distrito-federal\/"]}]},{"@type":"BreadcrumbList","@id":"https:\/\/psol50.com.br\/congresso2023\/teses-estaduais-2023\/distrito-federal\/#breadcrumb","itemListElement":[{"@type":"ListItem","position":1,"name":"In\u00edcio","item":"https:\/\/psol50.com.br\/congresso2023\/"},{"@type":"ListItem","position":2,"name":"Teses Estaduais","item":"https:\/\/psol50.com.br\/congresso2023\/teses-estaduais-2023\/"},{"@type":"ListItem","position":3,"name":"Distrito Federal"}]},{"@type":"WebSite","@id":"https:\/\/psol50.com.br\/congresso2023\/#website","url":"https:\/\/psol50.com.br\/congresso2023\/","name":"8\u00ba Congresso Nacional do PSOL","description":"Partido Socialismo e Liberdade","publisher":{"@id":"https:\/\/psol50.com.br\/congresso2023\/#organization"},"alternateName":"8congressoPSOL","potentialAction":[{"@type":"SearchAction","target":{"@type":"EntryPoint","urlTemplate":"https:\/\/psol50.com.br\/congresso2023\/?s={search_term_string}"},"query-input":"required name=search_term_string"}],"inLanguage":"pt-BR"},{"@type":"Organization","@id":"https:\/\/psol50.com.br\/congresso2023\/#organization","name":"8\u00ba Congresso Nacional do PSOL","alternateName":"8congressoPSOL","url":"https:\/\/psol50.com.br\/congresso2023\/","logo":{"@type":"ImageObject","inLanguage":"pt-BR","@id":"https:\/\/psol50.com.br\/congresso2023\/#\/schema\/logo\/image\/","url":"https:\/\/psol50.com.br\/congresso2023\/wp-content\/uploads\/2020\/02\/capa-546x365-1.png","contentUrl":"https:\/\/psol50.com.br\/congresso2023\/wp-content\/uploads\/2020\/02\/capa-546x365-1.png","width":546,"height":365,"caption":"8\u00ba Congresso Nacional do PSOL"},"image":{"@id":"https:\/\/psol50.com.br\/congresso2023\/#\/schema\/logo\/image\/"},"sameAs":["https:\/\/www.facebook.com\/psol50","https:\/\/twitter.com\/psol50","https:\/\/www.instagram.com\/psol50\/","https:\/\/www.youtube.com\/channel\/UC7SnJS5o1os7a6CaiNabzcg"]}]}},"_links":{"self":[{"href":"https:\/\/psol50.com.br\/congresso2023\/wp-json\/wp\/v2\/pages\/30301"}],"collection":[{"href":"https:\/\/psol50.com.br\/congresso2023\/wp-json\/wp\/v2\/pages"}],"about":[{"href":"https:\/\/psol50.com.br\/congresso2023\/wp-json\/wp\/v2\/types\/page"}],"author":[{"embeddable":true,"href":"https:\/\/psol50.com.br\/congresso2023\/wp-json\/wp\/v2\/users\/5"}],"replies":[{"embeddable":true,"href":"https:\/\/psol50.com.br\/congresso2023\/wp-json\/wp\/v2\/comments?post=30301"}],"version-history":[{"count":5,"href":"https:\/\/psol50.com.br\/congresso2023\/wp-json\/wp\/v2\/pages\/30301\/revisions"}],"predecessor-version":[{"id":30392,"href":"https:\/\/psol50.com.br\/congresso2023\/wp-json\/wp\/v2\/pages\/30301\/revisions\/30392"}],"up":[{"embeddable":true,"href":"https:\/\/psol50.com.br\/congresso2023\/wp-json\/wp\/v2\/pages\/30182"}],"wp:attachment":[{"href":"https:\/\/psol50.com.br\/congresso2023\/wp-json\/wp\/v2\/media?parent=30301"}],"curies":[{"name":"wp","href":"https:\/\/api.w.org\/{rel}","templated":true}]}}