{"id":30543,"date":"2023-07-25T14:20:14","date_gmt":"2023-07-25T17:20:14","guid":{"rendered":"https:\/\/psol50.com.br\/congresso2023\/?page_id=30543"},"modified":"2023-07-25T14:20:14","modified_gmt":"2023-07-25T17:20:14","slug":"downloads-materiais-votacao-2023","status":"publish","type":"page","link":"https:\/\/psol50.com.br\/congresso2023\/downloads-materiais-votacao-2023\/","title":{"rendered":"Downloads materiais vota\u00e7\u00e3o"},"content":{"rendered":"<div class=\"fusion-fullwidth fullwidth-box fusion-builder-row-1 nonhundred-percent-fullwidth non-hundred-percent-height-scrolling\" style=\"background-color: rgba(255,255,255,0);background-position: center center;background-repeat: no-repeat;padding-top:0px;padding-right:0px;padding-bottom:0px;padding-left:0px;margin-bottom: 0px;margin-top: 0px;border-width: 0px 0px 0px 0px;border-color:#eae9e9;border-style:solid;\" ><div class=\"fusion-builder-row fusion-row\"><div class=\"fusion-layout-column fusion_builder_column fusion-builder-column-0 fusion_builder_column_1_1 1_1 fusion-one-full fusion-column-first fusion-column-last\" style=\"margin-top:0px;margin-bottom:0px;\"><div class=\"fusion-column-wrapper fusion-flex-column-wrapper-legacy\" style=\"background-position:left top;background-repeat:no-repeat;-webkit-background-size:cover;-moz-background-size:cover;-o-background-size:cover;background-size:cover;padding: 0px 0px 0px 0px;\"><div class=\"fusion-text fusion-text-1\" style=\"transform:translate3d(0,0,0);\"><h3 style=\"text-align: center;\">Para ter acesso aos materiais oficiais de seu estado voc\u00ea dever\u00e1 realizar um pequeno cadastro de identifica\u00e7\u00e3o e aceitar nossa politica de privacidade.<\/h3>\n<\/div><div id=\"quform-a6fe9b\" class=\"quform quform-4 quform-position-center quform-support-page-caching\"><form id=\"quform-form-a6fe9b\" class=\"quform-form quform-form-4\" action=\"\/congresso2023\/wp-json\/wp\/v2\/pages\/30543#quform-a6fe9b\" method=\"post\" enctype=\"multipart\/form-data\" novalidate=\"novalidate\" data-options=\"{&quot;id&quot;:4,&quot;uniqueId&quot;:&quot;a6fe9b&quot;,&quot;theme&quot;:&quot;&quot;,&quot;ajax&quot;:true,&quot;logic&quot;:{&quot;logic&quot;:{&quot;213&quot;:{&quot;action&quot;:true,&quot;match&quot;:&quot;all&quot;,&quot;rules&quot;:[{&quot;elementId&quot;:&quot;208&quot;,&quot;operator&quot;:&quot;not_empty&quot;,&quot;optionId&quot;:null,&quot;value&quot;:&quot;&quot;}]},&quot;214&quot;:{&quot;action&quot;:true,&quot;match&quot;:&quot;all&quot;,&quot;rules&quot;:[{&quot;elementId&quot;:&quot;208&quot;,&quot;operator&quot;:&quot;not_empty&quot;,&quot;optionId&quot;:null,&quot;value&quot;:&quot;&quot;}]},&quot;215&quot;:{&quot;action&quot;:true,&quot;match&quot;:&quot;all&quot;,&quot;rules&quot;:[{&quot;elementId&quot;:&quot;208&quot;,&quot;operator&quot;:&quot;not_empty&quot;,&quot;optionId&quot;:null,&quot;value&quot;:&quot;&quot;}]}},&quot;dependents&quot;:{&quot;208&quot;:[213,214,215]},&quot;elementIds&quot;:[213,214,215],&quot;dependentElementIds&quot;:[&quot;208&quot;],&quot;animate&quot;:true},&quot;currentPageId&quot;:1,&quot;errorsIcon&quot;:&quot;&quot;,&quot;updateFancybox&quot;:true,&quot;hasPages&quot;:false,&quot;pages&quot;:[1],&quot;pageProgressType&quot;:&quot;&quot;,&quot;tooltipsEnabled&quot;:true,&quot;tooltipClasses&quot;:&quot;qtip-quform-dark qtip-shadow&quot;,&quot;tooltipMy&quot;:&quot;left center&quot;,&quot;tooltipAt&quot;:&quot;right center&quot;,&quot;isRtl&quot;:false,&quot;scrollOffset&quot;:-50,&quot;scrollSpeed&quot;:800}\"><button class=\"quform-default-submit\" name=\"quform_submit\" type=\"submit\" value=\"submit\" aria-hidden=\"true\" tabindex=\"-1\"><\/button><div class=\"quform-form-inner quform-form-inner-4\"><input type=\"hidden\" name=\"quform_form_id\" value=\"4\" \/><input type=\"hidden\" name=\"quform_form_uid\" value=\"a6fe9b\" \/><input type=\"hidden\" name=\"quform_count\" value=\"1\" \/><input type=\"hidden\" name=\"form_url\" value=\"https:\/\/psol50.com.br\/congresso2023\/wp-json\/wp\/v2\/pages\/30543\" \/><input type=\"hidden\" name=\"referring_url\" value=\"\" \/><input type=\"hidden\" name=\"post_id\" value=\"\" \/><input type=\"hidden\" name=\"post_title\" value=\"\" \/><input type=\"hidden\" name=\"quform_current_page_id\" value=\"1\" \/><input type=\"hidden\" name=\"quform_csrf_token\" value=\"9TsER8iYxj9Bq0zzU1lLtiLZiLmJeYbOw9EL6qhC\" \/><div class=\"quform-elements quform-elements-4 quform-cf quform-responsive-elements-phone-landscape\"><div class=\"quform-element quform-element-page quform-page-1 quform-page-4_1 quform-cf quform-group-style-plain quform-first-page quform-last-page quform-current-page\"><div class=\"quform-child-elements\"><div class=\"quform-element quform-element-row quform-element-row-4_205 quform-2-columns quform-element-row-size-float quform-responsive-columns-phone-landscape\"><div class=\"quform-element quform-element-column quform-element-4_206\"><div class=\"quform-element quform-element-text quform-element-4_23 quform-cf quform-labels-inside quform-element-required\"><div class=\"quform-spacer\"><div class=\"quform-label quform-label-4_23\"><label class=\"quform-label-text\" for=\"quform_4_23_a6fe9b\">Nome<span class=\"quform-required\">*<\/span><\/label><\/div><div class=\"quform-inner quform-inner-text quform-inner-4_23 quform-field-size-medium quform-field-width-medium\"><div class=\"quform-input quform-input-text quform-input-4_23 quform-cf\"><input type=\"text\" id=\"quform_4_23_a6fe9b\" name=\"quform_4_23\" class=\"quform-field quform-field-text quform-field-4_23\" \/><\/div><\/div><\/div><\/div><\/div><div class=\"quform-element quform-element-column quform-element-4_207\"><div class=\"quform-element quform-element-email quform-element-4_137 quform-cf quform-labels-inside quform-element-required\"><div class=\"quform-spacer\"><div class=\"quform-label quform-label-4_137\"><label class=\"quform-label-text\" for=\"quform_4_137_a6fe9b\">E-mail<span class=\"quform-required\">*<\/span><\/label><\/div><div class=\"quform-inner quform-inner-email quform-inner-4_137 quform-field-size-medium quform-field-width-medium\"><div class=\"quform-input quform-input-email quform-input-4_137 quform-cf\"><input type=\"email\" id=\"quform_4_137_a6fe9b\" name=\"quform_4_137\" class=\"quform-field quform-field-email quform-field-4_137\" \/><\/div><\/div><\/div><\/div><\/div><\/div><div class=\"quform-element quform-element-row quform-element-row-4_190 quform-2-columns quform-element-row-size-float quform-responsive-columns-phone-landscape\"><div class=\"quform-element quform-element-column quform-element-4_191\"><div class=\"quform-element quform-element-text quform-element-4_21 quform-cf quform-labels-inside quform-element-required\"><div class=\"quform-spacer\"><div class=\"quform-label quform-label-4_21\"><label class=\"quform-label-text\" for=\"quform_4_21_a6fe9b\">Telefone (com DDD)<span class=\"quform-required\">*<\/span><\/label><\/div><div class=\"quform-inner quform-inner-text quform-inner-4_21 quform-field-size-medium quform-field-width-medium\"><div class=\"quform-input quform-input-text quform-input-4_21 quform-cf\"><input type=\"text\" id=\"quform_4_21_a6fe9b\" name=\"quform_4_21\" class=\"quform-field quform-field-text quform-field-4_21\" maxlength=\"11\" \/><\/div><\/div><\/div><\/div><div class=\"quform-element quform-element-text quform-element-4_208 quform-cf quform-labels-inside quform-element-required\"><div class=\"quform-spacer\"><div class=\"quform-label quform-label-4_208\"><label class=\"quform-label-text\" for=\"quform_4_208_a6fe9b\">CEP<span class=\"quform-required\">*<\/span><\/label><\/div><div class=\"quform-inner quform-inner-text quform-inner-4_208 quform-field-size-medium quform-field-width-medium\"><div class=\"quform-input quform-input-text quform-input-4_208 quform-cf\"><input type=\"text\" id=\"quform_4_208_a6fe9b\" name=\"quform_4_208\" class=\"quform-field quform-field-text quform-field-4_208\" \/><\/div><\/div><\/div><\/div><div class=\"quform-element quform-element-text quform-element-4_25 quform-cf quform-labels-inside quform-element-required\"><div class=\"quform-spacer\"><div class=\"quform-label quform-label-4_25\"><label class=\"quform-label-text\" for=\"quform_4_25_a6fe9b\">CPF<span class=\"quform-required\">*<\/span><\/label><\/div><div class=\"quform-inner quform-inner-text quform-inner-4_25 quform-field-size-medium quform-field-width-medium\"><div class=\"quform-input quform-input-text quform-input-4_25 quform-cf\"><input type=\"text\" id=\"quform_4_25_a6fe9b\" name=\"quform_4_25\" class=\"quform-field quform-field-text quform-field-4_25\" maxlength=\"11\" \/><\/div><\/div><\/div><\/div><\/div><div class=\"quform-element quform-element-column quform-element-4_192\"><div class=\"quform-element quform-element-checkbox quform-element-4_217 quform-cf quform-element-optional\"><div class=\"quform-spacer\"><div class=\"quform-inner quform-inner-checkbox quform-inner-4_217 quform-field-width-large\"><div class=\"quform-input quform-input-checkbox quform-input-4_217 quform-cf\"><div class=\"quform-options quform-cf quform-options-inline quform-options-simple\"><div class=\"quform-option\"><input type=\"checkbox\" name=\"quform_4_217[]\" id=\"quform_4_217_a6fe9b_1\" class=\"quform-field quform-field-checkbox quform-field-4_217 quform-field-4_217_1\" value=\"Sim\" \/><label for=\"quform_4_217_a6fe9b_1\" class=\"quform-option-label quform-option-label-4_217_1\"><span class=\"quform-option-text\">\u00c9 filiado (a)<\/span><\/label><\/div><\/div><\/div><\/div><\/div><\/div><div class=\"quform-element quform-element-checkbox quform-element-4_223 quform-cf quform-element-required\"><div class=\"quform-spacer\"><div class=\"quform-inner quform-inner-checkbox quform-inner-4_223 quform-field-width-large\"><div class=\"quform-input quform-input-checkbox quform-input-4_223 quform-cf\"><div class=\"quform-options quform-cf quform-options-inline quform-options-simple\"><div class=\"quform-option\"><input type=\"checkbox\" name=\"quform_4_223[]\" id=\"quform_4_223_a6fe9b_2\" class=\"quform-field quform-field-checkbox quform-field-4_223 quform-field-4_223_2\" value=\"Concorda\" \/><label for=\"quform_4_223_a6fe9b_2\" class=\"quform-option-label quform-option-label-4_223_2\"><span class=\"quform-option-text\">Concordo com a <strong><a href=\"https:\/\/psol50.com.br\/congresso2023\/politica-de-privacidade\/\" target=\"_blank\" rel=\"noopener\">pol\u00edtica de privacidade<\/a><\/strong><\/span><\/label><\/div><\/div><\/div><\/div><\/div><\/div><div class=\"quform-element quform-element-checkbox quform-element-4_222 quform-cf quform-element-optional\"><div class=\"quform-spacer\"><div class=\"quform-inner quform-inner-checkbox quform-inner-4_222 quform-field-width-large\"><div class=\"quform-input quform-input-checkbox quform-input-4_222 quform-cf\"><div class=\"quform-options quform-cf quform-options-inline quform-options-simple\"><div class=\"quform-option\"><input type=\"checkbox\" name=\"quform_4_222[]\" id=\"quform_4_222_a6fe9b_3\" class=\"quform-field quform-field-checkbox quform-field-4_222 quform-field-4_222_3\" value=\"Aceita\" \/><label for=\"quform_4_222_a6fe9b_3\" class=\"quform-option-label quform-option-label-4_222_3\"><span class=\"quform-option-text\">Aceito receber comunica\u00e7\u00f5es do PSOL<\/span><\/label><\/div><\/div><\/div><\/div><\/div><\/div><div class=\"quform-element quform-element-submit quform-element-4_73 quform-cf quform-button-style-classic quform-button-size-slim quform-button-width-medium\"><div class=\"quform-button-submit quform-button-submit-default quform-button-submit-4_73\"><button name=\"quform_submit\" type=\"submit\" class=\"quform-submit\" value=\"submit\"><span class=\"quform-button-text quform-button-submit-text\">ENVIAR<\/span><\/button><\/div><div class=\"quform-loading quform-loading-position-left quform-loading-type-spinner-1\"><div class=\"quform-loading-inner\"><div class=\"quform-loading-spinner\"><div class=\"quform-loading-spinner-inner\"><\/div><\/div><\/div><\/div><\/div><\/div><\/div><div class=\"quform-element quform-element-row quform-element-row-4_209 quform-3-columns quform-element-row-size-fixed quform-responsive-columns-phone-landscape\"><div class=\"quform-element quform-element-column quform-element-4_210\"><div class=\"quform-element quform-element-text quform-element-4_213 quform-cf quform-labels-inside quform-element-required\"><div class=\"quform-spacer\"><div class=\"quform-label quform-label-4_213\"><label class=\"quform-label-text\" for=\"quform_4_213_a6fe9b\">Estado<span class=\"quform-required\">*<\/span><\/label><\/div><div class=\"quform-inner quform-inner-text quform-inner-4_213 quform-field-size-slim quform-field-width-small\"><div class=\"quform-input quform-input-text quform-input-4_213 quform-cf\"><input type=\"text\" id=\"quform_4_213_a6fe9b\" name=\"quform_4_213\" class=\"quform-field quform-field-text quform-field-4_213\" readonly \/><\/div><\/div><\/div><\/div><\/div><div class=\"quform-element quform-element-column quform-element-4_211\"><div class=\"quform-element quform-element-text quform-element-4_214 quform-cf quform-labels-inside quform-element-required\"><div class=\"quform-spacer\"><div class=\"quform-label quform-label-4_214\"><label class=\"quform-label-text\" for=\"quform_4_214_a6fe9b\">Munic\u00edpio<span class=\"quform-required\">*<\/span><\/label><\/div><div class=\"quform-inner quform-inner-text quform-inner-4_214 quform-field-size-slim quform-field-width-small\"><div class=\"quform-input quform-input-text quform-input-4_214 quform-cf\"><input type=\"text\" id=\"quform_4_214_a6fe9b\" name=\"quform_4_214\" class=\"quform-field quform-field-text quform-field-4_214\" readonly \/><\/div><\/div><\/div><\/div><\/div><div class=\"quform-element quform-element-column quform-element-4_216\"><div class=\"quform-element quform-element-text quform-element-4_215 quform-cf quform-labels-inside quform-element-required\"><div class=\"quform-spacer\"><div class=\"quform-label quform-label-4_215\"><label class=\"quform-label-text\" for=\"quform_4_215_a6fe9b\">Endere\u00e7o<span class=\"quform-required\">*<\/span><\/label><\/div><div class=\"quform-inner quform-inner-text quform-inner-4_215 quform-field-size-slim quform-field-width-small\"><div class=\"quform-input quform-input-text quform-input-4_215 quform-cf\"><input type=\"text\" id=\"quform_4_215_a6fe9b\" name=\"quform_4_215\" class=\"quform-field quform-field-text quform-field-4_215\" readonly \/><\/div><\/div><\/div><\/div><\/div><\/div><div class=\"quform-element-tree\"><label for=\"quform_4_0_a6fe9b\">Este campo deve ser deixado em branco<\/label><input type=\"text\" id=\"quform_4_0_a6fe9b\" name=\"quform_4_0\" class=\"quform-field quform-field-tree quform-field-4_0\" tabindex=\"-1\" autocomplete=\"off\" \/><\/div><\/div><\/div><\/div><\/div><\/form><\/div><div class=\"fusion-clearfix\"><\/div><\/div><\/div><\/div><\/div>\n","protected":false},"excerpt":{"rendered":"","protected":false},"author":5,"featured_media":0,"parent":0,"menu_order":0,"comment_status":"closed","ping_status":"closed","template":"","meta":[],"yoast_head":"<!-- This site is optimized with the Yoast SEO plugin v20.11 - https:\/\/yoast.com\/wordpress\/plugins\/seo\/ -->\n<title>Downloads materiais vota\u00e7\u00e3o - 8\u00ba Congresso Nacional do PSOL<\/title>\n<meta name=\"robots\" content=\"index, follow, max-snippet:-1, max-image-preview:large, max-video-preview:-1\" \/>\n<link rel=\"canonical\" href=\"https:\/\/psol50.com.br\/congresso2023\/downloads-materiais-votacao-2023\/\" \/>\n<meta property=\"og:locale\" content=\"pt_BR\" \/>\n<meta property=\"og:type\" content=\"article\" \/>\n<meta property=\"og:title\" content=\"Downloads materiais vota\u00e7\u00e3o - 8\u00ba Congresso Nacional do PSOL\" \/>\n<meta property=\"og:url\" content=\"https:\/\/psol50.com.br\/congresso2023\/downloads-materiais-votacao-2023\/\" \/>\n<meta property=\"og:site_name\" content=\"8\u00ba Congresso Nacional do PSOL\" \/>\n<meta property=\"article:publisher\" content=\"https:\/\/www.facebook.com\/psol50\" \/>\n<meta property=\"og:image\" content=\"https:\/\/psol50.com.br\/congresso2023\/wp-content\/uploads\/2020\/02\/capa-546x365-1.png\" \/>\n\t<meta property=\"og:image:width\" content=\"546\" \/>\n\t<meta property=\"og:image:height\" content=\"365\" \/>\n\t<meta property=\"og:image:type\" content=\"image\/png\" \/>\n<meta name=\"twitter:card\" content=\"summary_large_image\" \/>\n<meta name=\"twitter:site\" content=\"@psol50\" \/>\n<meta name=\"twitter:label1\" content=\"Est. tempo de leitura\" \/>\n\t<meta name=\"twitter:data1\" content=\"1 minuto\" \/>\n<script type=\"application\/ld+json\" class=\"yoast-schema-graph\">{\"@context\":\"https:\/\/schema.org\",\"@graph\":[{\"@type\":\"WebPage\",\"@id\":\"https:\/\/psol50.com.br\/congresso2023\/downloads-materiais-votacao-2023\/\",\"url\":\"https:\/\/psol50.com.br\/congresso2023\/downloads-materiais-votacao-2023\/\",\"name\":\"Downloads materiais vota\u00e7\u00e3o - 8\u00ba Congresso Nacional do PSOL\",\"isPartOf\":{\"@id\":\"https:\/\/psol50.com.br\/congresso2023\/#website\"},\"datePublished\":\"2023-07-25T17:20:14+00:00\",\"dateModified\":\"2023-07-25T17:20:14+00:00\",\"breadcrumb\":{\"@id\":\"https:\/\/psol50.com.br\/congresso2023\/downloads-materiais-votacao-2023\/#breadcrumb\"},\"inLanguage\":\"pt-BR\",\"potentialAction\":[{\"@type\":\"ReadAction\",\"target\":[\"https:\/\/psol50.com.br\/congresso2023\/downloads-materiais-votacao-2023\/\"]}]},{\"@type\":\"BreadcrumbList\",\"@id\":\"https:\/\/psol50.com.br\/congresso2023\/downloads-materiais-votacao-2023\/#breadcrumb\",\"itemListElement\":[{\"@type\":\"ListItem\",\"position\":1,\"name\":\"In\u00edcio\",\"item\":\"https:\/\/psol50.com.br\/congresso2023\/\"},{\"@type\":\"ListItem\",\"position\":2,\"name\":\"Downloads materiais vota\u00e7\u00e3o\"}]},{\"@type\":\"WebSite\",\"@id\":\"https:\/\/psol50.com.br\/congresso2023\/#website\",\"url\":\"https:\/\/psol50.com.br\/congresso2023\/\",\"name\":\"8\u00ba Congresso Nacional do PSOL\",\"description\":\"Partido Socialismo e Liberdade\",\"publisher\":{\"@id\":\"https:\/\/psol50.com.br\/congresso2023\/#organization\"},\"alternateName\":\"8congressoPSOL\",\"potentialAction\":[{\"@type\":\"SearchAction\",\"target\":{\"@type\":\"EntryPoint\",\"urlTemplate\":\"https:\/\/psol50.com.br\/congresso2023\/?s={search_term_string}\"},\"query-input\":\"required name=search_term_string\"}],\"inLanguage\":\"pt-BR\"},{\"@type\":\"Organization\",\"@id\":\"https:\/\/psol50.com.br\/congresso2023\/#organization\",\"name\":\"8\u00ba Congresso Nacional do PSOL\",\"alternateName\":\"8congressoPSOL\",\"url\":\"https:\/\/psol50.com.br\/congresso2023\/\",\"logo\":{\"@type\":\"ImageObject\",\"inLanguage\":\"pt-BR\",\"@id\":\"https:\/\/psol50.com.br\/congresso2023\/#\/schema\/logo\/image\/\",\"url\":\"https:\/\/psol50.com.br\/congresso2023\/wp-content\/uploads\/2020\/02\/capa-546x365-1.png\",\"contentUrl\":\"https:\/\/psol50.com.br\/congresso2023\/wp-content\/uploads\/2020\/02\/capa-546x365-1.png\",\"width\":546,\"height\":365,\"caption\":\"8\u00ba Congresso Nacional do PSOL\"},\"image\":{\"@id\":\"https:\/\/psol50.com.br\/congresso2023\/#\/schema\/logo\/image\/\"},\"sameAs\":[\"https:\/\/www.facebook.com\/psol50\",\"https:\/\/twitter.com\/psol50\",\"https:\/\/www.instagram.com\/psol50\/\",\"https:\/\/www.youtube.com\/channel\/UC7SnJS5o1os7a6CaiNabzcg\"]}]}<\/script>\n<!-- \/ Yoast SEO plugin. -->","yoast_head_json":{"title":"Downloads materiais vota\u00e7\u00e3o - 8\u00ba Congresso Nacional do PSOL","robots":{"index":"index","follow":"follow","max-snippet":"max-snippet:-1","max-image-preview":"max-image-preview:large","max-video-preview":"max-video-preview:-1"},"canonical":"https:\/\/psol50.com.br\/congresso2023\/downloads-materiais-votacao-2023\/","og_locale":"pt_BR","og_type":"article","og_title":"Downloads materiais vota\u00e7\u00e3o - 8\u00ba Congresso Nacional do PSOL","og_url":"https:\/\/psol50.com.br\/congresso2023\/downloads-materiais-votacao-2023\/","og_site_name":"8\u00ba Congresso Nacional do PSOL","article_publisher":"https:\/\/www.facebook.com\/psol50","og_image":[{"width":546,"height":365,"url":"https:\/\/psol50.com.br\/congresso2023\/wp-content\/uploads\/2020\/02\/capa-546x365-1.png","type":"image\/png"}],"twitter_card":"summary_large_image","twitter_site":"@psol50","twitter_misc":{"Est. tempo de leitura":"1 minuto"},"schema":{"@context":"https:\/\/schema.org","@graph":[{"@type":"WebPage","@id":"https:\/\/psol50.com.br\/congresso2023\/downloads-materiais-votacao-2023\/","url":"https:\/\/psol50.com.br\/congresso2023\/downloads-materiais-votacao-2023\/","name":"Downloads materiais vota\u00e7\u00e3o - 8\u00ba Congresso Nacional do PSOL","isPartOf":{"@id":"https:\/\/psol50.com.br\/congresso2023\/#website"},"datePublished":"2023-07-25T17:20:14+00:00","dateModified":"2023-07-25T17:20:14+00:00","breadcrumb":{"@id":"https:\/\/psol50.com.br\/congresso2023\/downloads-materiais-votacao-2023\/#breadcrumb"},"inLanguage":"pt-BR","potentialAction":[{"@type":"ReadAction","target":["https:\/\/psol50.com.br\/congresso2023\/downloads-materiais-votacao-2023\/"]}]},{"@type":"BreadcrumbList","@id":"https:\/\/psol50.com.br\/congresso2023\/downloads-materiais-votacao-2023\/#breadcrumb","itemListElement":[{"@type":"ListItem","position":1,"name":"In\u00edcio","item":"https:\/\/psol50.com.br\/congresso2023\/"},{"@type":"ListItem","position":2,"name":"Downloads materiais vota\u00e7\u00e3o"}]},{"@type":"WebSite","@id":"https:\/\/psol50.com.br\/congresso2023\/#website","url":"https:\/\/psol50.com.br\/congresso2023\/","name":"8\u00ba Congresso Nacional do PSOL","description":"Partido Socialismo e Liberdade","publisher":{"@id":"https:\/\/psol50.com.br\/congresso2023\/#organization"},"alternateName":"8congressoPSOL","potentialAction":[{"@type":"SearchAction","target":{"@type":"EntryPoint","urlTemplate":"https:\/\/psol50.com.br\/congresso2023\/?s={search_term_string}"},"query-input":"required name=search_term_string"}],"inLanguage":"pt-BR"},{"@type":"Organization","@id":"https:\/\/psol50.com.br\/congresso2023\/#organization","name":"8\u00ba Congresso Nacional do PSOL","alternateName":"8congressoPSOL","url":"https:\/\/psol50.com.br\/congresso2023\/","logo":{"@type":"ImageObject","inLanguage":"pt-BR","@id":"https:\/\/psol50.com.br\/congresso2023\/#\/schema\/logo\/image\/","url":"https:\/\/psol50.com.br\/congresso2023\/wp-content\/uploads\/2020\/02\/capa-546x365-1.png","contentUrl":"https:\/\/psol50.com.br\/congresso2023\/wp-content\/uploads\/2020\/02\/capa-546x365-1.png","width":546,"height":365,"caption":"8\u00ba Congresso Nacional do PSOL"},"image":{"@id":"https:\/\/psol50.com.br\/congresso2023\/#\/schema\/logo\/image\/"},"sameAs":["https:\/\/www.facebook.com\/psol50","https:\/\/twitter.com\/psol50","https:\/\/www.instagram.com\/psol50\/","https:\/\/www.youtube.com\/channel\/UC7SnJS5o1os7a6CaiNabzcg"]}]}},"_links":{"self":[{"href":"https:\/\/psol50.com.br\/congresso2023\/wp-json\/wp\/v2\/pages\/30543"}],"collection":[{"href":"https:\/\/psol50.com.br\/congresso2023\/wp-json\/wp\/v2\/pages"}],"about":[{"href":"https:\/\/psol50.com.br\/congresso2023\/wp-json\/wp\/v2\/types\/page"}],"author":[{"embeddable":true,"href":"https:\/\/psol50.com.br\/congresso2023\/wp-json\/wp\/v2\/users\/5"}],"replies":[{"embeddable":true,"href":"https:\/\/psol50.com.br\/congresso2023\/wp-json\/wp\/v2\/comments?post=30543"}],"version-history":[{"count":3,"href":"https:\/\/psol50.com.br\/congresso2023\/wp-json\/wp\/v2\/pages\/30543\/revisions"}],"predecessor-version":[{"id":30546,"href":"https:\/\/psol50.com.br\/congresso2023\/wp-json\/wp\/v2\/pages\/30543\/revisions\/30546"}],"wp:attachment":[{"href":"https:\/\/psol50.com.br\/congresso2023\/wp-json\/wp\/v2\/media?parent=30543"}],"curies":[{"name":"wp","href":"https:\/\/api.w.org\/{rel}","templated":true}]}}