{"id":30920,"date":"2023-09-07T12:03:10","date_gmt":"2023-09-07T15:03:10","guid":{"rendered":"https:\/\/psol50.com.br\/congresso2023\/?page_id=30920"},"modified":"2023-09-07T12:12:29","modified_gmt":"2023-09-07T15:12:29","slug":"relacao-de-delegados-estaduais-2023","status":"publish","type":"page","link":"https:\/\/psol50.com.br\/congresso2023\/relacao-de-delegados-estaduais-2023\/","title":{"rendered":"Enviar Rela\u00e7\u00e3o de Delegados e suplentes Estaduais"},"content":{"rendered":"<p><div class=\"fusion-fullwidth fullwidth-box fusion-builder-row-1 nonhundred-percent-fullwidth non-hundred-percent-height-scrolling fusion-no-small-visibility\" style=\"background-color: rgba(255,255,255,0);background-position: center center;background-repeat: no-repeat;padding-top:0px;padding-right:0px;padding-bottom:0px;padding-left:0px;margin-bottom: 0px;margin-top: 0px;border-width: 0px 0px 0px 0px;border-color:#eae9e9;border-style:solid;\" ><div class=\"fusion-builder-row fusion-row\"><div class=\"fusion-layout-column fusion_builder_column fusion-builder-column-0 fusion_builder_column_1_1 1_1 fusion-one-full fusion-column-first fusion-column-last\" style=\"margin-top:0px;margin-bottom:0px;\"><div class=\"fusion-column-wrapper fusion-flex-column-wrapper-legacy\" style=\"background-position:left top;background-repeat:no-repeat;-webkit-background-size:cover;-moz-background-size:cover;-o-background-size:cover;background-size:cover;padding: 0px 0px 0px 0px;\"><div class=\"fusion-text fusion-text-1\" style=\"text-align:center;transform:translate3d(0,0,0);\"><p style=\"text-align: center;\"><iframe src=\"https:\/\/psol50.com.br\/congresso2023\/app_pub\/form_tab_resp_del_est23\/\" width=\"100%\" height=\"2000px\"><\/iframe><\/p>\n<\/div><div class=\"fusion-clearfix\"><\/div><\/div><\/div><\/div><\/div><div class=\"fusion-fullwidth fullwidth-box fusion-builder-row-2 fusion-flex-container nonhundred-percent-fullwidth non-hundred-percent-height-scrolling\" style=\"background-color: rgba(255,255,255,0);background-position: center center;background-repeat: no-repeat;border-width: 0px 0px 0px 0px;border-color:#eae9e9;border-style:solid;\" ><div class=\"fusion-builder-row fusion-row fusion-flex-align-items-flex-start\" style=\"max-width:1185.6px;margin-left: calc(-4% \/ 2 );margin-right: calc(-4% \/ 2 );\"><div class=\"fusion-layout-column fusion_builder_column fusion-builder-column-1 fusion_builder_column_1_1 1_1 fusion-flex-column\"><div class=\"fusion-column-wrapper fusion-flex-justify-content-flex-start fusion-content-layout-column\" style=\"background-position:left top;background-repeat:no-repeat;-webkit-background-size:cover;-moz-background-size:cover;-o-background-size:cover;background-size:cover;padding: 0px 0px 0px 0px;\"><style type=\"text\/css\">@media only screen and (max-width:1024px) {.fusion-title.fusion-title-1{margin-top:0px!important;margin-bottom:0px!important;}}<\/style><div class=\"fusion-title title fusion-title-1 fusion-no-large-visibility fusion-sep-none fusion-title-text fusion-title-size-one\" style=\"font-size:24px;margin-top:0px;margin-bottom:0px;\"><h1 class=\"title-heading-left sm-text-align-center\" style=\"margin:0;font-size:1em;line-height:32px;color:#6d6d6d;\">Para envio de documentos acesse a plataforma por um computador ou notebook, pois o formul\u00e1rio \u00e9 de dif\u00edcil preenchimento em telas de dispositivos mobile.<\/h1><\/div><\/div><\/div><style type=\"text\/css\">.fusion-body .fusion-builder-column-1{width:100% !important;margin-top : 0px;margin-bottom : 0px;}.fusion-builder-column-1 > .fusion-column-wrapper {padding-top : 0px !important;padding-right : 0px !important;margin-right : 1.92%;padding-bottom : 0px !important;padding-left : 0px !important;margin-left : 1.92%;}@media only screen and (max-width:1024px) {.fusion-body .fusion-builder-column-1{width:100% !important;order : 0;}.fusion-builder-column-1 > .fusion-column-wrapper {margin-right : 1.92%;margin-left : 1.92%;}}@media only screen and (max-width:640px) {.fusion-body .fusion-builder-column-1{width:100% !important;order : 0;}.fusion-builder-column-1 > .fusion-column-wrapper {margin-right : 1.92%;margin-left : 1.92%;}}<\/style><\/div><style type=\"text\/css\">.fusion-body .fusion-flex-container.fusion-builder-row-2{ padding-top : 0px;margin-top : 0px;padding-right : 0px;padding-bottom : 0px;margin-bottom : 0px;padding-left : 0px;}<\/style><\/div><\/p>\n","protected":false},"excerpt":{"rendered":"","protected":false},"author":5,"featured_media":0,"parent":0,"menu_order":0,"comment_status":"closed","ping_status":"closed","template":"100-width.php","meta":[],"yoast_head":"<!-- This site is optimized with the Yoast SEO plugin v20.11 - https:\/\/yoast.com\/wordpress\/plugins\/seo\/ -->\n<title>Enviar Rela\u00e7\u00e3o de Delegados e suplentes Estaduais - 8\u00ba Congresso Nacional do PSOL<\/title>\n<meta name=\"robots\" content=\"index, follow, max-snippet:-1, max-image-preview:large, max-video-preview:-1\" \/>\n<link rel=\"canonical\" href=\"https:\/\/psol50.com.br\/congresso2023\/relacao-de-delegados-estaduais-2023\/\" \/>\n<meta property=\"og:locale\" content=\"pt_BR\" \/>\n<meta property=\"og:type\" content=\"article\" \/>\n<meta property=\"og:title\" content=\"Enviar Rela\u00e7\u00e3o de Delegados e suplentes Estaduais - 8\u00ba Congresso Nacional do PSOL\" \/>\n<meta property=\"og:url\" content=\"https:\/\/psol50.com.br\/congresso2023\/relacao-de-delegados-estaduais-2023\/\" \/>\n<meta property=\"og:site_name\" content=\"8\u00ba Congresso Nacional do PSOL\" \/>\n<meta property=\"article:publisher\" content=\"https:\/\/www.facebook.com\/psol50\" \/>\n<meta property=\"article:modified_time\" content=\"2023-09-07T15:12:29+00:00\" \/>\n<meta property=\"og:image\" content=\"https:\/\/psol50.com.br\/congresso2023\/wp-content\/uploads\/2020\/02\/capa-546x365-1.png\" \/>\n\t<meta property=\"og:image:width\" content=\"546\" \/>\n\t<meta property=\"og:image:height\" content=\"365\" \/>\n\t<meta property=\"og:image:type\" content=\"image\/png\" \/>\n<meta name=\"twitter:card\" content=\"summary_large_image\" \/>\n<meta name=\"twitter:site\" content=\"@psol50\" \/>\n<script type=\"application\/ld+json\" class=\"yoast-schema-graph\">{\"@context\":\"https:\/\/schema.org\",\"@graph\":[{\"@type\":\"WebPage\",\"@id\":\"https:\/\/psol50.com.br\/congresso2023\/relacao-de-delegados-estaduais-2023\/\",\"url\":\"https:\/\/psol50.com.br\/congresso2023\/relacao-de-delegados-estaduais-2023\/\",\"name\":\"Enviar Rela\u00e7\u00e3o de Delegados e suplentes Estaduais - 8\u00ba Congresso Nacional do PSOL\",\"isPartOf\":{\"@id\":\"https:\/\/psol50.com.br\/congresso2023\/#website\"},\"datePublished\":\"2023-09-07T15:03:10+00:00\",\"dateModified\":\"2023-09-07T15:12:29+00:00\",\"breadcrumb\":{\"@id\":\"https:\/\/psol50.com.br\/congresso2023\/relacao-de-delegados-estaduais-2023\/#breadcrumb\"},\"inLanguage\":\"pt-BR\",\"potentialAction\":[{\"@type\":\"ReadAction\",\"target\":[\"https:\/\/psol50.com.br\/congresso2023\/relacao-de-delegados-estaduais-2023\/\"]}]},{\"@type\":\"BreadcrumbList\",\"@id\":\"https:\/\/psol50.com.br\/congresso2023\/relacao-de-delegados-estaduais-2023\/#breadcrumb\",\"itemListElement\":[{\"@type\":\"ListItem\",\"position\":1,\"name\":\"In\u00edcio\",\"item\":\"https:\/\/psol50.com.br\/congresso2023\/\"},{\"@type\":\"ListItem\",\"position\":2,\"name\":\"Enviar Rela\u00e7\u00e3o de Delegados e suplentes Estaduais\"}]},{\"@type\":\"WebSite\",\"@id\":\"https:\/\/psol50.com.br\/congresso2023\/#website\",\"url\":\"https:\/\/psol50.com.br\/congresso2023\/\",\"name\":\"8\u00ba Congresso Nacional do PSOL\",\"description\":\"Partido Socialismo e Liberdade\",\"publisher\":{\"@id\":\"https:\/\/psol50.com.br\/congresso2023\/#organization\"},\"alternateName\":\"8congressoPSOL\",\"potentialAction\":[{\"@type\":\"SearchAction\",\"target\":{\"@type\":\"EntryPoint\",\"urlTemplate\":\"https:\/\/psol50.com.br\/congresso2023\/?s={search_term_string}\"},\"query-input\":\"required name=search_term_string\"}],\"inLanguage\":\"pt-BR\"},{\"@type\":\"Organization\",\"@id\":\"https:\/\/psol50.com.br\/congresso2023\/#organization\",\"name\":\"8\u00ba Congresso Nacional do PSOL\",\"alternateName\":\"8congressoPSOL\",\"url\":\"https:\/\/psol50.com.br\/congresso2023\/\",\"logo\":{\"@type\":\"ImageObject\",\"inLanguage\":\"pt-BR\",\"@id\":\"https:\/\/psol50.com.br\/congresso2023\/#\/schema\/logo\/image\/\",\"url\":\"https:\/\/psol50.com.br\/congresso2023\/wp-content\/uploads\/2020\/02\/capa-546x365-1.png\",\"contentUrl\":\"https:\/\/psol50.com.br\/congresso2023\/wp-content\/uploads\/2020\/02\/capa-546x365-1.png\",\"width\":546,\"height\":365,\"caption\":\"8\u00ba Congresso Nacional do PSOL\"},\"image\":{\"@id\":\"https:\/\/psol50.com.br\/congresso2023\/#\/schema\/logo\/image\/\"},\"sameAs\":[\"https:\/\/www.facebook.com\/psol50\",\"https:\/\/twitter.com\/psol50\",\"https:\/\/www.instagram.com\/psol50\/\",\"https:\/\/www.youtube.com\/channel\/UC7SnJS5o1os7a6CaiNabzcg\"]}]}<\/script>\n<!-- \/ Yoast SEO plugin. -->","yoast_head_json":{"title":"Enviar Rela\u00e7\u00e3o de Delegados e suplentes Estaduais - 8\u00ba Congresso Nacional do PSOL","robots":{"index":"index","follow":"follow","max-snippet":"max-snippet:-1","max-image-preview":"max-image-preview:large","max-video-preview":"max-video-preview:-1"},"canonical":"https:\/\/psol50.com.br\/congresso2023\/relacao-de-delegados-estaduais-2023\/","og_locale":"pt_BR","og_type":"article","og_title":"Enviar Rela\u00e7\u00e3o de Delegados e suplentes Estaduais - 8\u00ba Congresso Nacional do PSOL","og_url":"https:\/\/psol50.com.br\/congresso2023\/relacao-de-delegados-estaduais-2023\/","og_site_name":"8\u00ba Congresso Nacional do PSOL","article_publisher":"https:\/\/www.facebook.com\/psol50","article_modified_time":"2023-09-07T15:12:29+00:00","og_image":[{"width":546,"height":365,"url":"https:\/\/psol50.com.br\/congresso2023\/wp-content\/uploads\/2020\/02\/capa-546x365-1.png","type":"image\/png"}],"twitter_card":"summary_large_image","twitter_site":"@psol50","schema":{"@context":"https:\/\/schema.org","@graph":[{"@type":"WebPage","@id":"https:\/\/psol50.com.br\/congresso2023\/relacao-de-delegados-estaduais-2023\/","url":"https:\/\/psol50.com.br\/congresso2023\/relacao-de-delegados-estaduais-2023\/","name":"Enviar Rela\u00e7\u00e3o de Delegados e suplentes Estaduais - 8\u00ba Congresso Nacional do PSOL","isPartOf":{"@id":"https:\/\/psol50.com.br\/congresso2023\/#website"},"datePublished":"2023-09-07T15:03:10+00:00","dateModified":"2023-09-07T15:12:29+00:00","breadcrumb":{"@id":"https:\/\/psol50.com.br\/congresso2023\/relacao-de-delegados-estaduais-2023\/#breadcrumb"},"inLanguage":"pt-BR","potentialAction":[{"@type":"ReadAction","target":["https:\/\/psol50.com.br\/congresso2023\/relacao-de-delegados-estaduais-2023\/"]}]},{"@type":"BreadcrumbList","@id":"https:\/\/psol50.com.br\/congresso2023\/relacao-de-delegados-estaduais-2023\/#breadcrumb","itemListElement":[{"@type":"ListItem","position":1,"name":"In\u00edcio","item":"https:\/\/psol50.com.br\/congresso2023\/"},{"@type":"ListItem","position":2,"name":"Enviar Rela\u00e7\u00e3o de Delegados e suplentes Estaduais"}]},{"@type":"WebSite","@id":"https:\/\/psol50.com.br\/congresso2023\/#website","url":"https:\/\/psol50.com.br\/congresso2023\/","name":"8\u00ba Congresso Nacional do PSOL","description":"Partido Socialismo e Liberdade","publisher":{"@id":"https:\/\/psol50.com.br\/congresso2023\/#organization"},"alternateName":"8congressoPSOL","potentialAction":[{"@type":"SearchAction","target":{"@type":"EntryPoint","urlTemplate":"https:\/\/psol50.com.br\/congresso2023\/?s={search_term_string}"},"query-input":"required name=search_term_string"}],"inLanguage":"pt-BR"},{"@type":"Organization","@id":"https:\/\/psol50.com.br\/congresso2023\/#organization","name":"8\u00ba Congresso Nacional do PSOL","alternateName":"8congressoPSOL","url":"https:\/\/psol50.com.br\/congresso2023\/","logo":{"@type":"ImageObject","inLanguage":"pt-BR","@id":"https:\/\/psol50.com.br\/congresso2023\/#\/schema\/logo\/image\/","url":"https:\/\/psol50.com.br\/congresso2023\/wp-content\/uploads\/2020\/02\/capa-546x365-1.png","contentUrl":"https:\/\/psol50.com.br\/congresso2023\/wp-content\/uploads\/2020\/02\/capa-546x365-1.png","width":546,"height":365,"caption":"8\u00ba Congresso Nacional do PSOL"},"image":{"@id":"https:\/\/psol50.com.br\/congresso2023\/#\/schema\/logo\/image\/"},"sameAs":["https:\/\/www.facebook.com\/psol50","https:\/\/twitter.com\/psol50","https:\/\/www.instagram.com\/psol50\/","https:\/\/www.youtube.com\/channel\/UC7SnJS5o1os7a6CaiNabzcg"]}]}},"_links":{"self":[{"href":"https:\/\/psol50.com.br\/congresso2023\/wp-json\/wp\/v2\/pages\/30920"}],"collection":[{"href":"https:\/\/psol50.com.br\/congresso2023\/wp-json\/wp\/v2\/pages"}],"about":[{"href":"https:\/\/psol50.com.br\/congresso2023\/wp-json\/wp\/v2\/types\/page"}],"author":[{"embeddable":true,"href":"https:\/\/psol50.com.br\/congresso2023\/wp-json\/wp\/v2\/users\/5"}],"replies":[{"embeddable":true,"href":"https:\/\/psol50.com.br\/congresso2023\/wp-json\/wp\/v2\/comments?post=30920"}],"version-history":[{"count":2,"href":"https:\/\/psol50.com.br\/congresso2023\/wp-json\/wp\/v2\/pages\/30920\/revisions"}],"predecessor-version":[{"id":30922,"href":"https:\/\/psol50.com.br\/congresso2023\/wp-json\/wp\/v2\/pages\/30920\/revisions\/30922"}],"wp:attachment":[{"href":"https:\/\/psol50.com.br\/congresso2023\/wp-json\/wp\/v2\/media?parent=30920"}],"curies":[{"name":"wp","href":"https:\/\/api.w.org\/{rel}","templated":true}]}}